{"id":9980,"date":"2018-07-12T12:05:31","date_gmt":"2018-07-12T12:05:31","guid":{"rendered":"https:\/\/everyday.gr\/?page_id=9980\/"},"modified":"2020-04-23T15:11:52","modified_gmt":"2020-04-23T15:11:52","slug":"politika-e-cookies","status":"publish","type":"page","link":"https:\/\/everyday.gr\/sq\/politika-e-cookies\/","title":{"rendered":"Politika e Cookies"},"content":{"rendered":"<p><strong>POLITIKA E COOKIES<\/strong><\/p>\n<p>Politika e aktuale siguron informacion n\u00eb lidhje me m\u00ebnyr\u00ebn e p\u00ebrpunimit t\u00eb cookies, si dhe informacione n\u00eb lidhje me t\u00eb drejtat tuaja p\u00ebr p\u00ebrdorimin e cookies.<\/p>\n<p><strong>Ju lutemi lexoni me kujdes informacionin e m\u00ebposht\u00ebm. Qasja juaj n\u00eb faqen e internetit n\u00ebnkupton pranimin e Politikave aktuale t\u00eb p\u00ebrdorimit t\u00eb Cookies. N\u00ebse nuk e pranoni Politik\u00ebn e aktuale, mos\u00a0 p\u00ebrdorni m\u00eb tej faqet e k\u00ebsaj faqeje interneti.<\/strong><\/p>\n<p><strong>P\u00ebrdorimi i Cookies<\/strong><\/p>\n<p>\u00c7far\u00eb jan\u00eb Cookies?<\/p>\n<p>Cookies jan\u00eb skedar\u00eb informacioni t\u00eb cilat d\u00ebrgohen n\u00eb nj\u00eb web server (n\u00eb k\u00ebt\u00eb rast faqe interneti) n\u00eb shfletuesin tuaj t\u00eb internetit, t\u00eb ruajtura n\u00eb kompjuterin tuaj dhe t\u00eb kontrolluara nga serveri n\u00eb \u00e7do vizit\u00eb n\u00eb faqen e internetit.<\/p>\n<p><strong>Pse i p\u00ebrdorim ato?<\/strong><\/p>\n<p>Cookies p\u00ebrdoren p\u00ebr leht\u00ebsimin dhe lundrimin e duhur n\u00eb faqen e internetit. Gjithashtu, ato sh\u00ebrbejn\u00eb p\u00ebr q\u00ebllime statistikore, duke mund\u00ebsuar identifikimin e sesionit t\u00eb uebit q\u00eb keni p\u00ebrdorur, p\u00ebrmir\u00ebsimin dhe p\u00ebrdit\u00ebsimin e procedurave t\u00eb p\u00ebrdorimit t\u00eb faqes s\u00eb internetit.<\/p>\n<p><strong>Llojet e cookies q\u00eb ne p\u00ebrdorim<\/strong><\/p>\n<p>\u00abCookies t\u00eb p\u00ebrkohshme\u00bb &#8211; ato vendosen ekskluzivisht n\u00eb kujtes\u00ebn e kompjuterit t\u00eb p\u00ebrdoruesit dhe ato eliminohen kur mbyllni shfletuesin. P\u00ebrdorimi i tyre \u00ebsht\u00eb i kufizuar ekskluzivisht n\u00eb transmetimin e identifikimit t\u00eb p\u00ebrkohsh\u00ebm t\u00eb t\u00eb dh\u00ebnave, q\u00eb p\u00ebrb\u00ebhet nga numrat e rast\u00ebsish\u00ebm q\u00eb serveri vet\u00eb prodhon dhe t\u00eb cilat jan\u00eb thelb\u00ebsore p\u00ebr lundrimin e sigurt dhe efektiv n\u00eb faqen e internetit.<\/p>\n<p>Ne aplikojm\u00eb mjete q\u00eb p\u00ebrdorin cookies p\u00ebr q\u00ebllime t\u00eb monitorimit, statistikat e internetit dhe procedurat e reklamimit. K\u00ebto mjete p\u00ebrfshijn\u00eb:<\/p>\n<p>Google AdWords, p\u00ebr procedurat e reklamimit, Google Analytics, q\u00ebllimet e monitorimit dhe statistikat e internetit.<\/p>\n<p>K\u00ebto mjete p\u00ebrdorin cookies n\u00eb m\u00ebnyr\u00eb q\u00eb t\u00eb na lejoj\u00eb t\u00eb mbledhim informacione anonime n\u00eb lidhje me faqet e internetit q\u00eb vizitoni dhe m\u00ebnyr\u00ebn e p\u00ebrdorimit t\u00eb faqes son\u00eb t\u00eb internetit. Kjo na ndihmon t\u00eb p\u00ebrmir\u00ebsojm\u00eb p\u00ebrvoj\u00ebn tuaj t\u00eb ardhshme t\u00eb lundrimit. P\u00ebr shembull, cookies mbledhin informacion n\u00eb lidhje me faqet e internetit q\u00eb keni vizituar, numrin e vizitave tuaja dhe programin q\u00eb keni p\u00ebrdorur.<\/p>\n<p>\u00abCookies t\u00eb pal\u00ebs s\u00eb tret\u00eb\u00bb &#8211; Kur vizitoni faqen ton\u00eb t\u00eb internetit, mund t\u00eb shihni p\u00ebrmbajtje nga pal\u00ebt e treta, si nj\u00eb hart\u00eb q\u00eb ju tregon se si t\u00eb arrini n\u00eb zyrat tona. Kjo sigurohet nga Google p\u00ebrmes Google Maps. Gjithashtu, ju ofrojm\u00eb mund\u00ebsin\u00eb p\u00ebr t\u00eb ndar\u00eb informacione p\u00ebrmes rrjeteve sociale si Facebook, Instagram, Twitter, YouTube, Google+. Kur shtoni p\u00ebrmbajtje, ju mbajm\u00eb t\u00eb informuar p\u00ebr informacionin q\u00eb ne kemi zgjedhur me kujdes dhe q\u00eb \u00ebsht\u00eb ndoshta i lidhur ose interesant p\u00ebr ju. Megjithat\u00eb, kjo mund t\u00eb p\u00ebrfshij\u00eb faqet e pal\u00ebve t\u00eb treta q\u00eb vendosin cookies shtes\u00eb n\u00eb pajisjen tuaj.<\/p>\n<p><strong>T\u00eb domosdoshme (7)<\/strong><\/p>\n<p>Cookies t\u00eb domosdoshme ndihmojn\u00eb ta b\u00ebjn\u00eb faqen t\u00eb p\u00ebrdorshme duke mund\u00ebsuar funksionet baz\u00eb si lundrimi n\u00eb faqe dhe aksesi n\u00eb zona t\u00eb sigurta t\u00eb faqes. Faqja nuk funksionon si\u00e7 duhet pa k\u00ebto cookies.<\/p>\n<p>Emri:__utma<\/p>\n<p>Provajderi:everyday.gr<\/p>\n<p>Q\u00ebllimi:Collects data on the number of times a user has visited the website as well as dates for the first and most recent visit. Used by Google Analytics.<\/p>\n<p>Skadim:2 vite<\/p>\n<p>Lloji:HTTP<\/p>\n<p>Emri:__utmb<\/p>\n<p>Provajderi:everyday.gr<\/p>\n<p>Q\u00ebllimi:Registers a timestamp with the exact time of when the user accessed the website. Used by Google Analytics to calculate the duration of a website visit.<\/p>\n<p>Skadim:Session<\/p>\n<p>Lloji:HTTP<\/p>\n<p>Emri:__utmc<\/p>\n<p>Provajderi:everyday.gr<\/p>\n<p>Q\u00ebllimi:Used to throttle the speed of requests to the server.<\/p>\n<p>Skadim: Session<\/p>\n<p>Lloji:HTTP<\/p>\n<p>Emri:__utmt<\/p>\n<p>Provajderi:everyday.gr<\/p>\n<p>Q\u00ebllimi:Used to throttle the speed of requests to the server.<\/p>\n<p>Skadim:Session<\/p>\n<p>Lloji:HTTP<\/p>\n<p>Emri:__utmz<\/p>\n<p>Provajderi:everyday.gr<\/p>\n<p>Q\u00ebllimi:Collects data on where the user came from, what search engine was used, what link was clicked and what search term was used. Used by Google Analytics.<\/p>\n<p>Skadim:6 muaj<\/p>\n<p>Lloji:HTTP<\/p>\n<p>Emri:CookieConsent<\/p>\n<p>Provajderi:everyday.gr<\/p>\n<p>Q\u00ebllimi:Stores the user&#8217;s cookie consent state for the current domain<\/p>\n<p>Skadim:1 vit<\/p>\n<p>Lloji:HTTP<\/p>\n<p>Emri:wordfence_verifiedHuman<\/p>\n<p>Provajderi:everyday.gr<\/p>\n<p>Q\u00ebllimi:To protect the site against malicious attacks.<\/p>\n<p>Skadim: Session<\/p>\n<p>Lloji:HTTP<\/p>\n<p><strong>Preferencat (1)<\/strong><\/p>\n<p>Cookies preferenc\u00eb mund\u00ebson nj\u00eb faqe t\u00eb kujtoj\u00eb informacionin q\u00eb ndryshon \u00a0m\u00ebnyr\u00ebn e sjelljes apo pamjes s\u00eb nj\u00eb faqjeje, si gjuha juaj e preferuar apo rajoni ku ju jeni.<\/p>\n<p>Emri:wfvt_#<\/p>\n<p>Provajderi:everyday.gr<\/p>\n<p>Q\u00ebllimi:Remembers the user&#8217;s submitted data when a comment is submitted in a blog post. The purpose is to auto-populate form fields for subsequent comments, in order to save time for the user.<\/p>\n<p>Skadim: Session<\/p>\n<p>Lloji:HTTP<\/p>\n<p><strong>Statistika (1)<\/strong><\/p>\n<p>Cookies statistik\u00eb ndihmojn\u00eb pronar\u00ebt e faqeve t\u00eb kuptojn\u00eb si vizitor\u00ebt nd\u00ebrveprojn\u00eb me faqet duke mbledhur informacionet dhe raportimin e tij n\u00eb m\u00ebnyr\u00eb anonime.<\/p>\n<p>Emri:@@History\/@@scroll|#<\/p>\n<p>Provajderi:youtube.com<\/p>\n<p>Q\u00ebllimi:N\u00eb pritje<\/p>\n<p>Skadim: Session<\/p>\n<p>Lloji:HTTP<\/p>\n<p><strong>Marketing (4)<\/strong><\/p>\n<p>Cookies marketing p\u00ebrdoren t\u00eb ndjekin vizitor\u00ebt n\u00ebp\u00ebr faqet e internetit. Q\u00ebllimi \u00ebsht\u00eb t\u00eb shfaqen reklama q\u00eb kan\u00eb lidhje dhe t\u00ebrheqin individin p\u00ebrdorues dhe k\u00ebshtu edhe m\u00eb t\u00eb vlefshme p\u00ebr publikuesit dhe reklamuesit e pal\u00ebve t\u00eb treta.<\/p>\n<p>Emri:GPS<\/p>\n<p>Provajderi:youtube.com<\/p>\n<p>Q\u00ebllimi:Registers a unique ID on mobile devices to enable tracking based on geographical GPS location.<\/p>\n<p>Skadim: Session<\/p>\n<p>Lloji:HTTP<\/p>\n<p>Emri:PREF<\/p>\n<p>Provajderi:youtube.com<\/p>\n<p>Q\u00ebllimi:Registers a unique ID that is used by Google to keep statistics of how the visitor uses YouTube videos across different websites.<\/p>\n<p>Skadim: 8 muaj<\/p>\n<p>Lloji:HTTP<\/p>\n<p>Emri:VISITOR_INFO1_LIVE<\/p>\n<p>Provajderi:youtube.com<\/p>\n<p>Q\u00ebllimi:Tries to estimate the users&#8217; bandwidth on pages with integrated YouTube videos.<\/p>\n<p>Skadim: 179 dit\u00eb<\/p>\n<p>Lloji:HTTP<\/p>\n<p>Emri:YSC<\/p>\n<p>Provajderi:youtube.com<\/p>\n<p>Q\u00ebllimi:Registers a unique ID to keep statistics of what videos from YouTube the user has seen.<\/p>\n<p>Skadim: Session<\/p>\n<p>Lloji:HTTP<\/p>\n<p>Kjo faqe interneti mund t\u00eb ket\u00eb, her\u00eb pas here, lidhje me faqet e internetit t\u00eb pal\u00ebve t\u00eb treta. N\u00ebse ndiqni k\u00ebt\u00eb lloj lidhje n\u00eb faqen e internetit t\u00eb nj\u00eb pale t\u00eb till\u00eb, ne ju k\u00ebshillojm\u00eb q\u00eb t\u00eb konsultoheni me politikat e privat\u00ebsis\u00eb, cookies dhe procedurat e menaxhimit, pasi asnj\u00eb prej k\u00ebtyre nuk \u00ebsht\u00eb v\u00ebrtetuar nga ne. Ju lutemi kontrolloni k\u00ebto politika para se t\u00eb jepni t\u00eb dh\u00ebna personale p\u00ebr k\u00ebto faqe interneti.<\/p>\n<p>Facebook<\/p>\n<p>P\u00ebr cookies q\u00eb p\u00ebrdoren nga Facebook, ju lutemi kontrolloni politikat e menaxhimit n\u00eb linkun e m\u00ebposht\u00ebm:<\/p>\n<p><a href=\"http:\/\/www.facebook.com\/help\/cookies\/\">www.facebook.com\/help\/cookies\/<\/a><\/p>\n<p>Instagram<\/p>\n<p>P\u00ebr cookies q\u00eb p\u00ebrdoren nga Instagram, ju lutemi kontrolloni politikat e menaxhimit n\u00eb linkun e m\u00ebposht\u00ebm: <a href=\"https:\/\/help.instagram.com\/1896641480634370?ref=ig\">https:\/\/help.instagram.com\/1896641480634370?ref=ig<\/a><\/p>\n<p>YouTube<\/p>\n<p>P\u00ebr cookies q\u00eb p\u00ebrdoren nga YouTube, ju lutemi kontrolloni politikat e menaxhimit n\u00eb linkun e m\u00ebposht\u00ebm: <a href=\"http:\/\/www.google.it\/intl\/en\/policies\/privacy\/\">http:\/\/www.google.it\/intl\/en\/policies\/privacy\/<\/a><\/p>\n<p>Twitter<\/p>\n<p>P\u00ebr cookies q\u00eb p\u00ebrdoren nga Twitter, ju lutemi kontrolloni politikat e menaxhimit n\u00eb linkun e m\u00ebposht\u00ebm:<a href=\"https:\/\/support.twitter.com\/articles\/20170514-twitters-use-of-cookies-and-similar-technologies\">https:\/\/support.twitter.com\/articles\/20170514-twitters-use-of-cookies-and-similar-technologies#<\/a><\/p>\n<p>GoogleAnalytics<\/p>\n<p>Google Analytics p\u00ebrdor cookies p\u00ebr mbledhjen e informacionit n\u00eb lidhje me m\u00ebnyr\u00ebn se si e p\u00ebrdorni faqen ton\u00eb t\u00eb internetit, n\u00eb m\u00ebnyr\u00eb q\u00eb t\u00eb p\u00ebrmir\u00ebsoni p\u00ebrvoj\u00ebn tuaj t\u00eb ardhshme t\u00eb lundrimit. P\u00ebr shembull, ai mbledh informacion n\u00eb lidhje me faqet e internetit q\u00eb keni vizituar, numrin e seancave dhe programin q\u00eb keni p\u00ebrdorur.<\/p>\n<p>P\u00ebr cookies q\u00eb p\u00ebrdoren nga Google Analytics, ju lutemi kontrolloni politikat e menaxhimit n\u00eb linkun e m\u00ebposht\u00ebm:<a href=\"http:\/\/www.google.it\/intl\/en\/policies\/privacy\/\">http:\/\/www.google.it\/intl\/en\/policies\/privacy\/<\/a><\/p>\n<p><strong>\u00a0<\/strong><strong>Si t\u00eb menaxhojm\u00eb Settings p\u00ebr cookies?<\/strong><\/p>\n<p>Shumica e shfletuesve t\u00eb internetit fillimisht jan\u00eb t\u00eb vendosur p\u00ebr t\u00eb pranuar cookies. Ju mund t\u00eb vendosni shfletuesin tuaj t\u00eb internetit, n\u00eb \u00e7do koh\u00eb, t\u00eb pranoni t\u00eb gjitha, disa ose asnj\u00eb nga cookies. N\u00eb rastin e fundit, do t\u00eb \u00e7aktivizoni p\u00ebrdorimin e disa pjes\u00ebve t\u00eb faqes s\u00eb internetit. P\u00ebrve\u00e7 k\u00ebsaj, mund t&#8217;i vendosni preferencat tuaja n\u00eb shfletuesin tuaj n\u00eb nj\u00eb m\u00ebnyr\u00eb q\u00eb t\u00eb informoheni sa her\u00eb q\u00eb nj\u00eb cookie t\u00eb ruhet n\u00eb pajisjen tuaj. Ju lutem vini re se n\u00eb rast se e \u00e7aktivizon cookies, \u00ebsht\u00eb e mundur q\u00eb ju t\u00eb mos keni p\u00ebrdorimin m\u00eb t\u00eb mir\u00eb t\u00eb mundsh\u00ebm, t\u00eb zakonsh\u00ebm t\u00eb faqes s\u00eb internetit.<\/p>\n<p><strong>Ndryshimet n\u00eb politik\u00ebn aktuale<\/strong><\/p>\n<p>Politika e tanishme mund t\u00eb ndryshoj\u00eb her\u00eb pas here &#8211; n\u00eb disa raste p\u00ebr shkak t\u00eb rregullave t\u00eb reja q\u00eb hyjn\u00eb n\u00eb fuqi, p\u00ebrdit\u00ebsimet ose sh\u00ebrbimet e reja t\u00eb ofruara nga Kompania. Prandaj, ne ju k\u00ebshillojm\u00eb q\u00eb t\u00eb kontrolloni rregullisht faqen aktuale t\u00eb internetit.<\/p>\n<p><strong>Na kontaktoni:<\/strong><\/p>\n<p>Ju lutemi na d\u00ebrgoni ndonj\u00eb pyetje ose koment n\u00eb lidhje me P\u00ebrdorimin e Politikave t\u00eb tanishme t\u00eb Cookies n\u00eb: <a href=\"mailto:mega@megadis.gr\">mega@megadis.gr<\/a>.<\/p>\n<p><strong>P\u00ebrdit\u00ebsimi i fundit:\u00a023\/4\/2020<\/strong><\/p>\n","protected":false},"excerpt":{"rendered":"<p>POLITIKA E COOKIES Politika e aktuale siguron informacion n\u00eb lidhje me m\u00ebnyr\u00ebn e p\u00ebrpunimit t\u00eb cookies, si dhe informacione n\u00eb lidhje me t\u00eb drejtat tuaja p\u00ebr p\u00ebrdorimin e cookies. Ju lutemi lexoni me kujdes informacionin e m\u00ebposht\u00ebm. Qasja juaj n\u00eb faqen e internetit n\u00ebnkupton pranimin e Politikave aktuale t\u00eb p\u00ebrdorimit t\u00eb Cookies. N\u00ebse nuk e [&hellip;]<\/p>\n","protected":false},"author":6,"featured_media":0,"parent":0,"menu_order":0,"comment_status":"closed","ping_status":"closed","template":"single.php","meta":{"footnotes":""},"acf":[],"yoast_head":"<!-- This site is optimized with the Yoast SEO plugin v22.4 - https:\/\/yoast.com\/wordpress\/plugins\/seo\/ -->\n<title>Politika e Cookies - Everyday<\/title>\n<meta name=\"robots\" content=\"index, follow, max-snippet:-1, max-image-preview:large, max-video-preview:-1\" \/>\n<link rel=\"canonical\" href=\"https:\/\/everyday.gr\/cookies-policy\/\" \/>\n<meta property=\"og:locale\" content=\"sq_AL\" \/>\n<meta property=\"og:type\" content=\"article\" \/>\n<meta property=\"og:title\" content=\"Politika e Cookies - Everyday\" \/>\n<meta property=\"og:description\" content=\"POLITIKA E COOKIES Politika e aktuale siguron informacion n\u00eb lidhje me m\u00ebnyr\u00ebn e p\u00ebrpunimit t\u00eb cookies, si dhe informacione n\u00eb lidhje me t\u00eb drejtat tuaja p\u00ebr p\u00ebrdorimin e cookies. Ju lutemi lexoni me kujdes informacionin e m\u00ebposht\u00ebm. Qasja juaj n\u00eb faqen e internetit n\u00ebnkupton pranimin e Politikave aktuale t\u00eb p\u00ebrdorimit t\u00eb Cookies. N\u00ebse nuk e [&hellip;]\" \/>\n<meta property=\"og:url\" content=\"https:\/\/everyday.gr\/cookies-policy\/\" \/>\n<meta property=\"og:site_name\" content=\"Everyday\" \/>\n<meta property=\"article:modified_time\" content=\"2020-04-23T15:11:52+00:00\" \/>\n<meta name=\"twitter:card\" content=\"summary_large_image\" \/>\n<meta name=\"twitter:label1\" content=\"Est. reading time\" \/>\n\t<meta name=\"twitter:data1\" content=\"7 minutes\" \/>\n<script type=\"application\/ld+json\" class=\"yoast-schema-graph\">{\"@context\":\"https:\/\/schema.org\",\"@graph\":[{\"@type\":\"WebPage\",\"@id\":\"https:\/\/everyday.gr\/cookies-policy\/\",\"url\":\"https:\/\/everyday.gr\/cookies-policy\/\",\"name\":\"Politika e Cookies - Everyday\",\"isPartOf\":{\"@id\":\"https:\/\/everyday.gr\/ro\/#website\"},\"datePublished\":\"2018-07-12T12:05:31+00:00\",\"dateModified\":\"2020-04-23T15:11:52+00:00\",\"inLanguage\":\"sq-AL\",\"potentialAction\":[{\"@type\":\"ReadAction\",\"target\":[\"https:\/\/everyday.gr\/cookies-policy\/\"]}]},{\"@type\":\"WebSite\",\"@id\":\"https:\/\/everyday.gr\/ro\/#website\",\"url\":\"https:\/\/everyday.gr\/ro\/\",\"name\":\"Everyday\",\"description\":\"Everyday tagline\",\"potentialAction\":[{\"@type\":\"SearchAction\",\"target\":{\"@type\":\"EntryPoint\",\"urlTemplate\":\"https:\/\/everyday.gr\/ro\/?s={search_term_string}\"},\"query-input\":\"required name=search_term_string\"}],\"inLanguage\":\"sq-AL\"}]}<\/script>\n<!-- \/ Yoast SEO plugin. -->","yoast_head_json":{"title":"Politika e Cookies - Everyday","robots":{"index":"index","follow":"follow","max-snippet":"max-snippet:-1","max-image-preview":"max-image-preview:large","max-video-preview":"max-video-preview:-1"},"canonical":"https:\/\/everyday.gr\/cookies-policy\/","og_locale":"sq_AL","og_type":"article","og_title":"Politika e Cookies - Everyday","og_description":"POLITIKA E COOKIES Politika e aktuale siguron informacion n\u00eb lidhje me m\u00ebnyr\u00ebn e p\u00ebrpunimit t\u00eb cookies, si dhe informacione n\u00eb lidhje me t\u00eb drejtat tuaja p\u00ebr p\u00ebrdorimin e cookies. Ju lutemi lexoni me kujdes informacionin e m\u00ebposht\u00ebm. Qasja juaj n\u00eb faqen e internetit n\u00ebnkupton pranimin e Politikave aktuale t\u00eb p\u00ebrdorimit t\u00eb Cookies. N\u00ebse nuk e [&hellip;]","og_url":"https:\/\/everyday.gr\/cookies-policy\/","og_site_name":"Everyday","article_modified_time":"2020-04-23T15:11:52+00:00","twitter_card":"summary_large_image","twitter_misc":{"Est. reading time":"7 minutes"},"schema":{"@context":"https:\/\/schema.org","@graph":[{"@type":"WebPage","@id":"https:\/\/everyday.gr\/cookies-policy\/","url":"https:\/\/everyday.gr\/cookies-policy\/","name":"Politika e Cookies - Everyday","isPartOf":{"@id":"https:\/\/everyday.gr\/ro\/#website"},"datePublished":"2018-07-12T12:05:31+00:00","dateModified":"2020-04-23T15:11:52+00:00","inLanguage":"sq-AL","potentialAction":[{"@type":"ReadAction","target":["https:\/\/everyday.gr\/cookies-policy\/"]}]},{"@type":"WebSite","@id":"https:\/\/everyday.gr\/ro\/#website","url":"https:\/\/everyday.gr\/ro\/","name":"Everyday","description":"Everyday tagline","potentialAction":[{"@type":"SearchAction","target":{"@type":"EntryPoint","urlTemplate":"https:\/\/everyday.gr\/ro\/?s={search_term_string}"},"query-input":"required name=search_term_string"}],"inLanguage":"sq-AL"}]}},"_links":{"self":[{"href":"https:\/\/everyday.gr\/sq\/wp-json\/wp\/v2\/pages\/9980"}],"collection":[{"href":"https:\/\/everyday.gr\/sq\/wp-json\/wp\/v2\/pages"}],"about":[{"href":"https:\/\/everyday.gr\/sq\/wp-json\/wp\/v2\/types\/page"}],"author":[{"embeddable":true,"href":"https:\/\/everyday.gr\/sq\/wp-json\/wp\/v2\/users\/6"}],"replies":[{"embeddable":true,"href":"https:\/\/everyday.gr\/sq\/wp-json\/wp\/v2\/comments?post=9980"}],"version-history":[{"count":7,"href":"https:\/\/everyday.gr\/sq\/wp-json\/wp\/v2\/pages\/9980\/revisions"}],"predecessor-version":[{"id":12317,"href":"https:\/\/everyday.gr\/sq\/wp-json\/wp\/v2\/pages\/9980\/revisions\/12317"}],"wp:attachment":[{"href":"https:\/\/everyday.gr\/sq\/wp-json\/wp\/v2\/media?parent=9980"}],"curies":[{"name":"wp","href":"https:\/\/api.w.org\/{rel}","templated":true}]}}