{"id":9974,"date":"2018-07-12T11:59:37","date_gmt":"2018-07-12T11:59:37","guid":{"rendered":"https:\/\/everyday.gr\/?page_id=9974\/"},"modified":"2023-03-29T09:55:02","modified_gmt":"2023-03-29T09:55:02","slug":"politika-e-mbrojtjes-se-te-dhenave-personale","status":"publish","type":"page","link":"https:\/\/everyday.gr\/sq\/politika-e-mbrojtjes-se-te-dhenave-personale\/","title":{"rendered":"Politika e mbrojtjes s\u00eb t\u00eb dh\u00ebnave personale"},"content":{"rendered":"<p><strong>Politika e mbrojtjes s\u00eb t\u00eb dh\u00ebnave personale\u00a0<\/strong><strong>e MEGA DISPOSABLES SA ( t\u00eb referuar n\u00eb vijim si \u201cMEGA\u201d).<\/strong><\/p>\n<p>Mega respekton konfidencialitetin e t\u00eb dhenave tuaja personale dhe d\u00ebshiron q\u00eb t\u00eb dini q\u00eb merr t\u00eb gjitha masat teknike dhe organizative p\u00ebr sigurin\u00eb dhe mbrojtjen e tyre. Politika aktuale e mbrojtjes se t\u00eb dh\u00ebnave ka p\u00ebr synim t\u00eb p\u00ebrshkruaj\u00eb procedur\u00ebn e mbledhjes, p\u00ebrdorimin dhe mbrojtjes e t\u00eb dh\u00ebnave tuaja personale q\u00eb p\u00ebrpunohen nga MEGA p\u00ebr q\u00ebllime marketingu.<\/p>\n<p><strong>Llojet e t\u00eb dh\u00ebnave personale dhe q\u00ebllimi p\u00ebr t\u00eb cilin p\u00ebrpunohen nga MEGA<\/strong><\/p>\n<p>MEGA mund t\u2019ju k\u00ebrkoj\u00eb t\u00eb jepni t\u00eb dh\u00ebnat tuaja personale p\u00ebr q\u00ebllime marketing, p\u00ebrfshi d\u00ebrgimin e buletineve informative. Me mbledhjen dhe p\u00ebrpunimin e t\u00eb dh\u00ebnave tuaja personale p\u00ebr q\u00ebllimin e sip\u00ebrp\u00ebrmendur, ne lejohemi t\u00eb komunikojm\u00eb me\u00a0 ju p\u00ebrmes korrespondenc\u00ebs elektronike. T\u00eb dh\u00ebnat personale lidhur me q\u00ebllimet e sip\u00ebrp\u00ebrmendura p\u00ebrfshijn\u00eb emrin tuaj, mbiemrin dhe adres\u00ebn e emailit.<\/p>\n<p>N\u00ebse ju na jepni t\u00eb dh\u00ebna personale t\u00eb pal\u00ebve t\u00eb treta, do t\u00eb konsiderohet q\u00eb ju keni juridiksionin ta b\u00ebni k\u00ebt\u00eb dhe q\u00eb ju na lejoni t\u2019i p\u00ebrdorim ato sipas Politik\u00ebs s\u00eb mbrojtjes s\u00eb t\u00eb dh\u00ebnave personale.<\/p>\n<p><strong>T\u00eb dh\u00ebna private delikate <\/strong><\/p>\n<p>N\u00ebse ne nuk ju k\u00ebrkojm\u00eb t\u00eb dh\u00ebna delikate n\u00eb m\u00ebnyr\u00eb t\u00eb qart\u00eb dhe zyrtare, ju lutemi t\u00eb mos d\u00ebrgoni dhe as t\u00eb ndani me ne ndonj\u00eb t\u00eb dh\u00ebn\u00eb personate delikate ( psh. numrin e sigurimeve shoq\u00ebrore, t\u00eb dh\u00ebna lidhur me origjin\u00ebn, bindje politike, bindje fetare apo filozofike, c\u00ebshtje sh\u00ebndeti, jet\u00ebn seksuale apo orientimin seksual, t\u00eb dh\u00ebnat kriminale, pjes\u00ebmarrje n\u00eb unione treg\u00ebtare, t\u00eb dh\u00ebna biometrike apo AND-je q\u00eb identifikojn\u00eb nj\u00eb person) p\u00ebrmes faqes son\u00eb t\u00eb internetit apo ndonj\u00eb m\u00ebnyre tjet\u00ebr.<\/p>\n<p><strong>Kuadri legjislativ p\u00ebr p\u00ebrdorimin e t\u00eb dh\u00ebnave personale<\/strong><\/p>\n<p>Ne mbledhim, p\u00ebrdorim dhe publikojm\u00eb t\u00eb dh\u00ebnat tuaja vet\u00ebm n\u00ebse ju na keni dh\u00ebn\u00eb miratimin paraprak. P\u00ebr m\u00eb tep\u00ebr, ne deklarojm\u00eb q\u00eb brenda kuadrit t\u00eb q\u00ebllimit t\u00eb sip\u00ebrp\u00ebrmendur, ne p\u00ebrdorim t\u00eb dh\u00ebnat tuaja personale t\u00eb cilat na keni dh\u00ebn\u00eb me d\u00ebshir\u00ebn tuaj.<\/p>\n<p><strong>T\u00eb miturit<\/strong><\/p>\n<p>Ky sh\u00ebrbim nuk korrespondon me persona n\u00ebn 18 vje\u00e7 dhe p\u00ebr k\u00ebt\u00eb arsye MEGA nuk do t\u00eb mbaj\u00eb apo t\u00eb p\u00ebrpunoj\u00eb t\u00eb dh\u00ebna personale t\u00eb t\u00eb miturve.<\/p>\n<p><strong>Transmetimi i t\u00eb dh\u00ebnave personale<\/strong><\/p>\n<p>MEGA nuk transmeton t\u00eb dh\u00ebnat tuaja personale n\u00eb pal\u00ebt e treta, gjithsesi bashk\u00ebpun\u00ebtor\u00ebt e jasht\u00ebm t\u00eb MEGA do t\u00eb ken\u00eb akses n\u00eb to. Si bashk\u00ebpun\u00ebtor\u00eb t\u00eb jasht\u00ebm konsiderohen ofruesit e sh\u00ebrbimit t\u00eb reklamimit dhe marketingut, t\u00eb cil\u00ebt veprojn\u00eb n\u00eb em\u00ebr t\u00eb MEGA brenda kuadrit t\u00eb q\u00ebllimit t\u00eb sip\u00ebrp\u00ebrmendur dhe ofrojn\u00eb sh\u00ebrbime si hosting dhe koordinime t\u00eb faqeve t\u00eb internetit, hosting t\u00eb aplikacioneve p\u00ebr paisjet e l\u00ebvizshme, analiz\u00eb t\u00eb dh\u00ebnash, p\u00ebrpunime pagesash, shp\u00ebrndarje t\u00eb porosive tuaja, sh\u00ebrbime IT, sh\u00ebrbimi I klientit, korrespondenca me email dhe ajo postare, auditim dhe sh\u00ebrbime t\u00eb tjera, n\u00eb m\u00ebnyr\u00eb q\u00eb t\u00eb munden t\u00eb ofrojn\u00eb sh\u00ebrbimet e tyre. K\u00ebto pal\u00eb t\u00eb treta p\u00ebrpunojn\u00eb t\u00eb dh\u00ebnat tuaja personale, si ekzekutor\u00eb t\u00eb k\u00ebtij procesi brenda kuadrit t\u00eb ofrimit t\u00eb sh\u00ebrbimeve t\u00eb sip\u00ebrp\u00ebrmendura, si dhe p\u00ebr konfidencialitetin e ve\u00e7ant\u00eb dhe marr\u00ebveshjen e mbrojtjes s\u00eb t\u00eb dh\u00ebnave q\u00eb MEGA ka n\u00ebnshkruar me ta, sipas t\u00eb cil\u00ebs ata jan\u00eb t\u00eb detyruar t\u00eb jen\u00eb konform legjislacionit lidhur me mbrojtjen e t\u00eb dh\u00ebnave personale.<\/p>\n<p>P\u00ebr m\u00eb tep\u00ebr, ne transmetojm\u00eb t\u00eb dh\u00ebnat tuaja personale tek pal\u00ebt e treta tek t\u00eb cilat jemi t\u00eb detyruara ta b\u00ebjm\u00eb sipas ligjit.<\/p>\n<p>\u00cbsht\u00eb e mundur t\u00eb p\u00ebrdoren dhe t\u00eb ndani t\u00eb dh\u00ebnat tuaja n\u00eb m\u00ebnyra t\u00eb tjera, vet\u00ebm pasi ne t\u00eb kemi k\u00ebrkuar miratimin tuaj.<\/p>\n<p><strong>T\u00eb drejtat tuaja<\/strong><\/p>\n<p>Lidhur me t\u00eb dh\u00ebnat tuaja personale ju keni t\u00eb drejtat si m\u00eb posht\u00eb:<\/p>\n<p>\u2022 Akses dhe rishikim i t\u00eb dh\u00ebnave tuaja personale apo kufizim i p\u00ebrpunimit t\u00eb tyre, apo kund\u00ebrshtim p\u00ebr p\u00ebrpunim si dhe t\u00eb drejt\u00ebn e heqjes s\u00eb transmetueshm\u00ebris\u00eb s\u00eb t\u00eb dh\u00ebnave<\/p>\n<p>\u2022 Dor\u00ebzimi i ankes\u00ebs tek autoriteti mbik\u00ebqyr\u00ebs p\u00ebrgjegj\u00ebs dhe<\/p>\n<p>\u2022 Depozitimi i p\u00eblqimit tuaj p\u00ebr p\u00ebrpunimin e t\u00eb dh\u00ebnave tuaja p\u00ebr q\u00ebllimet e Politik\u00ebs aktuale.<\/p>\n<p><strong>Si mund ta ushtroni t\u00eb drejt\u00ebn tuaj?<\/strong><\/p>\n<p>N\u00eb rast se keni d\u00ebshir\u00eb t\u00eb ushtroni t\u00eb drejt\u00ebn tuaj lidhur me mbrojtjen e t\u00eb dh\u00ebnave tuaja personale, ju mund t\u00eb drejtoni pyetjet tuaja apo k\u00ebrkes\u00ebn n\u00eb adres\u00ebn postare t\u00eb kompanis\u00eb (MEGA DISPOSABLES SA, DEKELIAS 148, ACHARNES, 13678), apo n\u00eb adres\u00ebn elektronike (<a href=\"mailto:privacy@megadis.gr\"><u>privacy@megadis.gr<\/u><\/a>) me titullin \u201cUshtrimi i t\u00eb drejt\u00ebs p\u00ebr akses\/ editim\/ fshirje\/ kufizim\/ kund\u00ebrshtim\u201d.<\/p>\n<p><strong>Si i p\u00ebrgjigjemi ne k\u00ebrkes\u00ebs suaj?<\/strong><\/p>\n<p>Ne ie p\u00ebrgjigjemi k\u00ebrkes\u00ebs suaj pa asnj\u00eb pages\u00eb dhe asnj\u00eb vones\u00eb dhe n\u00eb \u00e7do rast brenda nj\u00eb (1) muaji nga data kur kemi marr\u00eb k\u00ebrkes\u00ebn tuaj. N\u00ebse, megjithat\u00eb, k\u00ebrkesa juaj \u00ebsht\u00eb komplekse ose ekziston nj\u00eb num\u00ebr i madh k\u00ebrkesash, ne do t&#8217;ju informojm\u00eb brenda muajit n\u00ebse \u00ebsht\u00eb e nevojshme t\u00eb zgjatet afati n\u00eb dy (2) muaj t\u00eb tjer\u00eb, koh\u00eb gjat\u00eb s\u00eb cil\u00ebs do t\u00eb merrni nj\u00eb p\u00ebrgjigje.\u00a0N\u00ebse k\u00ebrkesat tuaja jan\u00eb qartazi t\u00eb pabazuara ose t\u00eb tepruara ve\u00e7an\u00ebrisht p\u00ebr shkak t\u00eb karakterit t\u00eb tyre t\u00eb p\u00ebrs\u00ebritur, kompania mund t\u00eb vazhdoj\u00eb me k\u00ebrkes\u00ebn p\u00ebr nj\u00eb pages\u00eb t\u00eb arsyeshme, duke marr\u00eb parasysh shpenzimet administrative p\u00ebr dh\u00ebnien e informacionit ose zbatimin e veprimit t\u00eb k\u00ebrkuar, ose mohon t\u00eb vazhdoj\u00eb p\u00ebrpunimin e k\u00ebrkes\u00ebs suaj m\u00eb tej.<\/p>\n<p><strong>Koh\u00ebzgjatja e mbajtjes s\u00eb t\u00eb dh\u00ebnave personale<\/strong><\/p>\n<p>T\u00eb dh\u00ebnat tuaja personale do t\u00eb mbahen p\u00ebr aq koh\u00eb sa lejohet apo imponohet sipas legjislacionit aktual. N\u00eb rast se p\u00ebrpunojm\u00eb t\u00eb dh\u00ebnat tuaja personale sipas p\u00eblqimit tuaj, ne do t\u00eb vazhdojm\u00eb t\u2019i p\u00ebrpunojm\u00eb ato derisa ju ta t\u00ebrhiqni at\u00eb.<\/p>\n<p><strong>Politika e cookies<\/strong><\/p>\n<p>MEGA dhe ofruesit e sh\u00ebrbimeve me t\u00eb cil\u00ebt bashk\u00ebpunon, mund t\u00eb mbledhin automatikisht disa t\u00eb dh\u00ebna, nd\u00ebrsa shfletoni n\u00eb faqen e internetit. P\u00ebr detaje n\u00eb lidhje me cookies dhe teknologjit\u00eb e tjera t\u00eb shikuara q\u00eb p\u00ebrdoren n\u00eb kuad\u00ebr t\u00eb sh\u00ebrbimeve t\u00eb internetit, ju lutemi lexoni <strong><a href=\"https:\/\/everyday.gr\/sq\/politika-e-cookies\/\">Politik\u00ebn e Cookies<\/a><\/strong>. <strong><a href=\"https:\/\/everyday.gr\/sq\/politika-e-cookies\/\">Politika e Cookies<\/a><\/strong> p\u00ebrfshin informacion n\u00eb lidhje me m\u00ebnyr\u00ebn se si mund t&#8217;i \u00e7aktivizoni k\u00ebto teknologji. N\u00ebse nuk i \u00e7aktivizoni ato dhe vazhdoni t\u00eb p\u00ebrdorni sh\u00ebrbimin ton\u00eb, ne do t\u00eb arrijm\u00eb n\u00eb p\u00ebrfundimin se ju keni dh\u00ebn\u00eb p\u00eblqimin p\u00ebr p\u00ebrdorimin e tyre.<\/p>\n<p><strong>Siguria <\/strong><br \/>\nNe b\u00ebjm\u00eb \u00e7do p\u00ebrpjekje t\u00eb mundshme, duke zbatuar masat e duhura teknike dhe organizative p\u00ebr mbrojtjen e t\u00eb dh\u00ebnave tuaja personale nga \u00e7do humbje, ndryshim, rrjedhje, shkat\u00ebrrim apo akses i paautorizuar i tyre nga pal\u00ebt e treta.<\/p>\n<p><strong>Ndryshimet n\u00eb Politik\u00ebn e Mbrojtjes s\u00eb t\u00eb Dh\u00ebnave Personale<\/strong><\/p>\n<p>MEGA mund t\u00eb rishikoj\u00eb n\u00eb \u00e7do moment Politik\u00ebn aktuale t\u00eb Mbrojtjes s\u00eb t\u00eb Dh\u00ebnave Personale, k\u00ebshtu q\u00eb ju do t\u00eb informoheni p\u00ebr k\u00ebt\u00eb n\u00eb faqen ton\u00eb t\u00eb internetit.<\/p>\n<p><strong>Faqet e internetit dhe sh\u00ebrbimet e pal\u00ebve t\u00eb treta<\/strong><\/p>\n<p>Politika aktuale e Mbrojtjes s\u00eb t\u00eb Dh\u00ebnave Personale nuk ka t\u00eb b\u00ebj\u00eb, as nuk p\u00ebrfshin faqet e internetit dhe sh\u00ebrbimet e pal\u00ebve t\u00eb treta dhe nuk p\u00ebrfshin miratimin, ose na ngarkon me \u00e7do p\u00ebrgjegj\u00ebsi p\u00ebr konfidencialitetin, t\u00eb dh\u00ebnat ose praktikat e tjera t\u00eb pal\u00ebve t\u00eb treta, p\u00ebrfshir\u00eb pal\u00ebt e treta q\u00eb menaxhojn\u00eb faqen elektronike ose sh\u00ebrbimin elektronik, t\u00eb lidhur me faqen ton\u00eb t\u00eb internetit.<\/p>\n<p><strong>Komunikimi<\/strong><\/p>\n<p>N\u00ebse keni ndonj\u00eb pyetje n\u00eb lidhje me politik\u00ebn aktuale ose d\u00ebshironi t\u00eb ushtroni t\u00eb drejt\u00ebn tuaj n\u00eb lidhje me mbrojtjen e t\u00eb dh\u00ebnave tuaja personale, ju mund t\u00eb adresoni pyetjen ose k\u00ebrkes\u00ebn n\u00eb adres\u00ebn postare t\u00eb kompanis\u00eb (MEGA DISPOSABLES SA, DEKELIAS 148, ACHARNES, 13678 ), ose n\u00eb adres\u00ebn elektronike (<a href=\"mailto:privacy@megadis.gr\"><u>privacy@megadis.gr<\/u><\/a><u>).<\/u><\/p>\n<p><strong>P\u00ebrdit\u00ebsimi i fundit: 25\/5\/\u00a02018<\/strong><\/p>\n","protected":false},"excerpt":{"rendered":"<p>Politika e mbrojtjes s\u00eb t\u00eb dh\u00ebnave personale\u00a0e MEGA DISPOSABLES SA ( t\u00eb referuar n\u00eb vijim si \u201cMEGA\u201d). Mega respekton konfidencialitetin e t\u00eb dhenave tuaja personale dhe d\u00ebshiron q\u00eb t\u00eb dini q\u00eb merr t\u00eb gjitha masat teknike dhe organizative p\u00ebr sigurin\u00eb dhe mbrojtjen e tyre. Politika aktuale e mbrojtjes se t\u00eb dh\u00ebnave ka p\u00ebr synim t\u00eb [&hellip;]<\/p>\n","protected":false},"author":6,"featured_media":0,"parent":0,"menu_order":0,"comment_status":"closed","ping_status":"closed","template":"single.php","meta":{"footnotes":""},"acf":[],"yoast_head":"<!-- This site is optimized with the Yoast SEO plugin v22.4 - https:\/\/yoast.com\/wordpress\/plugins\/seo\/ -->\n<title>Politika e mbrojtjes s\u00eb t\u00eb dh\u00ebnave personale - Everyday<\/title>\n<meta name=\"robots\" content=\"index, follow, max-snippet:-1, max-image-preview:large, max-video-preview:-1\" \/>\n<link rel=\"canonical\" href=\"https:\/\/everyday.gr\/sq\/politika-e-mbrojtjes-se-te-dhenave-personale\/\" \/>\n<meta property=\"og:locale\" content=\"sq_AL\" \/>\n<meta property=\"og:type\" content=\"article\" \/>\n<meta property=\"og:title\" content=\"Politika e mbrojtjes s\u00eb t\u00eb dh\u00ebnave personale - Everyday\" \/>\n<meta property=\"og:description\" content=\"Politika e mbrojtjes s\u00eb t\u00eb dh\u00ebnave personale\u00a0e MEGA DISPOSABLES SA ( t\u00eb referuar n\u00eb vijim si \u201cMEGA\u201d). Mega respekton konfidencialitetin e t\u00eb dhenave tuaja personale dhe d\u00ebshiron q\u00eb t\u00eb dini q\u00eb merr t\u00eb gjitha masat teknike dhe organizative p\u00ebr sigurin\u00eb dhe mbrojtjen e tyre. Politika aktuale e mbrojtjes se t\u00eb dh\u00ebnave ka p\u00ebr synim t\u00eb [&hellip;]\" \/>\n<meta property=\"og:url\" content=\"https:\/\/everyday.gr\/sq\/politika-e-mbrojtjes-se-te-dhenave-personale\/\" \/>\n<meta property=\"og:site_name\" content=\"Everyday\" \/>\n<meta property=\"article:modified_time\" content=\"2023-03-29T09:55:02+00:00\" \/>\n<meta name=\"twitter:card\" content=\"summary_large_image\" \/>\n<meta name=\"twitter:label1\" content=\"Est. reading time\" \/>\n\t<meta name=\"twitter:data1\" content=\"6 minutes\" \/>\n<script type=\"application\/ld+json\" class=\"yoast-schema-graph\">{\"@context\":\"https:\/\/schema.org\",\"@graph\":[{\"@type\":\"WebPage\",\"@id\":\"https:\/\/everyday.gr\/sq\/politika-e-mbrojtjes-se-te-dhenave-personale\/\",\"url\":\"https:\/\/everyday.gr\/sq\/politika-e-mbrojtjes-se-te-dhenave-personale\/\",\"name\":\"Politika e mbrojtjes s\u00eb t\u00eb dh\u00ebnave personale - Everyday\",\"isPartOf\":{\"@id\":\"https:\/\/everyday.gr\/ro\/#website\"},\"datePublished\":\"2018-07-12T11:59:37+00:00\",\"dateModified\":\"2023-03-29T09:55:02+00:00\",\"inLanguage\":\"sq-AL\",\"potentialAction\":[{\"@type\":\"ReadAction\",\"target\":[\"https:\/\/everyday.gr\/sq\/politika-e-mbrojtjes-se-te-dhenave-personale\/\"]}]},{\"@type\":\"WebSite\",\"@id\":\"https:\/\/everyday.gr\/ro\/#website\",\"url\":\"https:\/\/everyday.gr\/ro\/\",\"name\":\"Everyday\",\"description\":\"Everyday tagline\",\"potentialAction\":[{\"@type\":\"SearchAction\",\"target\":{\"@type\":\"EntryPoint\",\"urlTemplate\":\"https:\/\/everyday.gr\/ro\/?s={search_term_string}\"},\"query-input\":\"required name=search_term_string\"}],\"inLanguage\":\"sq-AL\"}]}<\/script>\n<!-- \/ Yoast SEO plugin. -->","yoast_head_json":{"title":"Politika e mbrojtjes s\u00eb t\u00eb dh\u00ebnave personale - Everyday","robots":{"index":"index","follow":"follow","max-snippet":"max-snippet:-1","max-image-preview":"max-image-preview:large","max-video-preview":"max-video-preview:-1"},"canonical":"https:\/\/everyday.gr\/sq\/politika-e-mbrojtjes-se-te-dhenave-personale\/","og_locale":"sq_AL","og_type":"article","og_title":"Politika e mbrojtjes s\u00eb t\u00eb dh\u00ebnave personale - Everyday","og_description":"Politika e mbrojtjes s\u00eb t\u00eb dh\u00ebnave personale\u00a0e MEGA DISPOSABLES SA ( t\u00eb referuar n\u00eb vijim si \u201cMEGA\u201d). Mega respekton konfidencialitetin e t\u00eb dhenave tuaja personale dhe d\u00ebshiron q\u00eb t\u00eb dini q\u00eb merr t\u00eb gjitha masat teknike dhe organizative p\u00ebr sigurin\u00eb dhe mbrojtjen e tyre. Politika aktuale e mbrojtjes se t\u00eb dh\u00ebnave ka p\u00ebr synim t\u00eb [&hellip;]","og_url":"https:\/\/everyday.gr\/sq\/politika-e-mbrojtjes-se-te-dhenave-personale\/","og_site_name":"Everyday","article_modified_time":"2023-03-29T09:55:02+00:00","twitter_card":"summary_large_image","twitter_misc":{"Est. reading time":"6 minutes"},"schema":{"@context":"https:\/\/schema.org","@graph":[{"@type":"WebPage","@id":"https:\/\/everyday.gr\/sq\/politika-e-mbrojtjes-se-te-dhenave-personale\/","url":"https:\/\/everyday.gr\/sq\/politika-e-mbrojtjes-se-te-dhenave-personale\/","name":"Politika e mbrojtjes s\u00eb t\u00eb dh\u00ebnave personale - Everyday","isPartOf":{"@id":"https:\/\/everyday.gr\/ro\/#website"},"datePublished":"2018-07-12T11:59:37+00:00","dateModified":"2023-03-29T09:55:02+00:00","inLanguage":"sq-AL","potentialAction":[{"@type":"ReadAction","target":["https:\/\/everyday.gr\/sq\/politika-e-mbrojtjes-se-te-dhenave-personale\/"]}]},{"@type":"WebSite","@id":"https:\/\/everyday.gr\/ro\/#website","url":"https:\/\/everyday.gr\/ro\/","name":"Everyday","description":"Everyday tagline","potentialAction":[{"@type":"SearchAction","target":{"@type":"EntryPoint","urlTemplate":"https:\/\/everyday.gr\/ro\/?s={search_term_string}"},"query-input":"required name=search_term_string"}],"inLanguage":"sq-AL"}]}},"_links":{"self":[{"href":"https:\/\/everyday.gr\/sq\/wp-json\/wp\/v2\/pages\/9974"}],"collection":[{"href":"https:\/\/everyday.gr\/sq\/wp-json\/wp\/v2\/pages"}],"about":[{"href":"https:\/\/everyday.gr\/sq\/wp-json\/wp\/v2\/types\/page"}],"author":[{"embeddable":true,"href":"https:\/\/everyday.gr\/sq\/wp-json\/wp\/v2\/users\/6"}],"replies":[{"embeddable":true,"href":"https:\/\/everyday.gr\/sq\/wp-json\/wp\/v2\/comments?post=9974"}],"version-history":[{"count":11,"href":"https:\/\/everyday.gr\/sq\/wp-json\/wp\/v2\/pages\/9974\/revisions"}],"predecessor-version":[{"id":26330,"href":"https:\/\/everyday.gr\/sq\/wp-json\/wp\/v2\/pages\/9974\/revisions\/26330"}],"wp:attachment":[{"href":"https:\/\/everyday.gr\/sq\/wp-json\/wp\/v2\/media?parent=9974"}],"curies":[{"name":"wp","href":"https:\/\/api.w.org\/{rel}","templated":true}]}}