{"id":4777,"date":"2016-07-05T13:56:49","date_gmt":"2016-07-05T13:56:49","guid":{"rendered":"http:\/\/everyday.gr\/sq\/?page_id=4777"},"modified":"2023-03-29T09:56:19","modified_gmt":"2023-03-29T09:56:19","slug":"terms-and-conditions-of-use","status":"publish","type":"page","link":"https:\/\/everyday.gr\/sq\/terms-and-conditions-of-use\/","title":{"rendered":"Termat dhe Kushte e faqes s\u00eb internetit"},"content":{"rendered":"<p><strong>TERMAT DHE KUSHTET E FAQES SE INTERNETIT<\/strong><\/p>\n<p>1. K\u00ebto Terma dhe Kushte t\u00eb faqes s\u00eb internetit p\u00ebrb\u00ebjn\u00eb termat dhe kushtet e p\u00ebrdorimit t\u00eb k\u00ebsaj faqeje, e cila \u00ebsht\u00eb krijuar dhe i takon Kompanis\u00eb me emrin tregtar MEGA DISPOSABLES SA (n\u00eb tekstin e m\u00ebtejm\u00eb &#8220;Kompania&#8221;), zyra e regjistruar e t\u00eb cilit \u00ebsht\u00eb n\u00eb Acharnes, Attiki (148, Dekelias str.). P\u00ebrdoruesit e faqes aktuale t\u00eb internetit jan\u00eb t\u00eb k\u00ebshilluar q\u00eb t\u00eb lexojn\u00eb me kujdes termat dhe kushtet k\u00ebtu para se t\u00eb vazhdojn\u00eb.\u00a0<strong>N\u00eb rast se p\u00ebrdoruesi ka ndonj\u00eb kund\u00ebrshtim ndaj ndonj\u00eb prej k\u00ebtyre Termave dhe Kushteve t\u00eb faqes s\u00eb internetit, p\u00ebrdoruesi nuk duhet t\u00eb vazhdoj\u00eb me p\u00ebrdorimin e k\u00ebsaj faqeje\u00a0 interneti.\u00a0<\/strong><\/p>\n<p>2. Vet\u00ebm t\u00eb rriturit kan\u00eb t\u00eb drejt\u00eb t\u00eb aksesojn\u00eb k\u00ebt\u00eb faqe interneti dmth njer\u00ebzit mbi 18 vje\u00e7.<\/p>\n<p>3. Ne i drejtojm\u00eb v\u00ebmendjen e p\u00ebrdoruesve n\u00eb vijim: (a) Postimi i p\u00ebrmbajtjes s\u00eb internetit n\u00eb lidhje me produktet e kompanis\u00eb nuk p\u00ebrb\u00ebn nxitje, k\u00ebshillim ose nxitje t\u00eb ndonj\u00eb veprimi q\u00eb lidhet me nj\u00eb rezultat financiar, propozim p\u00ebr \u00e7far\u00ebdo lloj marr\u00ebveshje ose (b) materiali informativ q\u00eb \u00ebsht\u00eb i disponuesh\u00ebm n\u00eb k\u00ebt\u00eb faqe interneti nuk \u00ebsht\u00eb domosdoshm\u00ebrisht i sakt\u00eb apo i p\u00ebrdit\u00ebsuar, nd\u00ebrsa \u00ebsht\u00eb e mundur q\u00eb ai t\u00eb mos jet\u00eb plot\u00ebsisht i azhornuar deri n\u00eb momentin e aksesimit ose t\u00eb ket\u00eb qen\u00eb subjekt i ndryshimeve apo shtimit nga pal\u00ebt e treta pa dijenin\u00eb apo miratimin paraprak t\u00eb kompanis\u00eb (c) p\u00ebrdoruesit k\u00ebshillohen dhe inkurajohen t\u00eb konfirmojn\u00eb sakt\u00ebsin\u00eb, plot\u00ebsin\u00eb dhe statusin e p\u00ebrdit\u00ebsuar t\u00eb \u00e7do informacioni q\u00eb \u00ebsht\u00eb dh\u00ebn\u00eb n\u00ebp\u00ebrmjet k\u00ebsaj faqeje interneti.<\/p>\n<p>4. P\u00ebrdorimi i k\u00ebsaj faqe interneti duhet t\u00eb b\u00ebhet vet\u00ebm p\u00ebr q\u00ebllime ligjore dhe n\u00eb nj\u00eb m\u00ebnyr\u00eb q\u00eb nuk kufizon ose parandalon p\u00ebrdorimin e saj nga pal\u00ebt e treta. P\u00ebrdoruesi \u00ebsht\u00eb i detyruar t\u00eb veproj\u00eb n\u00eb p\u00ebrputhje me ligjin, praktik\u00ebn e drejt\u00eb dhe kushtet e p\u00ebrdorimit k\u00ebtu dhe t\u00eb mos vazhdoj\u00eb me veprime apo l\u00ebshime q\u00eb mund t\u00eb shkaktojn\u00eb d\u00ebme ose mosfunksionim t\u00eb faqes ose t\u00eb ndryshojn\u00eb p\u00ebrmbajtjen e saj. Veprimet q\u00eb vijn\u00eb n\u00eb konflikt me ato t\u00eb m\u00ebsip\u00ebrme konsiderohen indikative, por pa u kufizuar n\u00eb to, n\u00eb vijim:<\/p>\n<p>-shkeljen e \u00e7do t\u00eb drejte q\u00eb lidhet me pron\u00ebn intelektuale t\u00eb kompanis\u00eb ose t\u00eb pal\u00ebve t\u00eb treta<\/p>\n<p>-pengimi i funksionimit ose qasja e vizitor\u00ebve n\u00eb faqen e internetit t\u00eb Kompanis\u00eb<\/p>\n<p>-shkaku i d\u00ebmtimit t\u00eb ndonj\u00eb pale t\u00eb tret\u00eb<\/p>\n<p>-instalimin, publikimin, promovimin ose transferimin e viruseve ose programeve me q\u00ebllim t\u00eb keq n\u00eb ose n\u00ebp\u00ebrmjet faqes s\u00eb internetit aktuale<\/p>\n<p>5. Kompania nuk garanton mjesht\u00ebrin\u00eb, disponueshm\u00ebrin\u00eb ose sigurin\u00eb e internetit, p\u00ebrdorimin e saj ose qasjen n\u00eb t\u00eb. P\u00ebrdoruesit k\u00ebshillohen dhe pritet q\u00eb, me p\u00ebrgjegj\u00ebsin\u00eb e tyre, t\u00eb marrin t\u00eb gjitha masat e nevojshme t\u00eb siguris\u00eb p\u00ebr sigurin\u00eb dhe integritetin e sistemit.<\/p>\n<p>6. P\u00ebrmbajtja e internetit \u00ebsht\u00eb e mbrojtur nga t\u00eb drejtat e pron\u00ebsis\u00eb intelektuale t\u00eb kompanis\u00eb ose t\u00eb pal\u00ebve t\u00eb treta (p\u00ebrkat\u00ebsisht: markat tregtare, tekstet, grafika, imazhet etj.). Markat q\u00eb shfaqen n\u00eb faqen e internetit i p\u00ebrkasin ekskluzivisht kompanis\u00eb dhe \u00e7do lloj p\u00ebrdorimi pa miratimin me shkrim t\u00eb kompanis\u00eb \u00ebsht\u00eb rrept\u00ebsisht e ndaluar. P\u00ebr m\u00eb tep\u00ebr, pa p\u00eblqimin me shkrim t\u00eb Kompanis\u00eb, plot\u00ebsimi ose dublikimi i pjessh\u00ebm, modifikimi, ri-botimi, riprodhimi, transmetimi ose n\u00eb ndonj\u00eb m\u00ebnyr\u00eb tjet\u00ebr shfryt\u00ebzimi i elementeve nga p\u00ebrmbajtja e k\u00ebsaj faqeje interneti \u00ebsht\u00eb rrept\u00ebsisht e ndaluar, duke p\u00ebrjashtuar shprehimisht thjesht kopjimin, ruajtjen ose ripublikimin individual t\u00eb elementeve t\u00eb m\u00ebsip\u00ebrme, me kusht q\u00eb treguesi i k\u00ebsaj faqeje si burim nuk do t\u00eb eliminohet dhe se k\u00ebto elemente nuk do t\u00eb p\u00ebrdoren p\u00ebr q\u00ebllime komerciale. P\u00ebr m\u00eb tep\u00ebr, \u00ebsht\u00eb e ndaluar ndryshimi ose prishja e cil\u00ebsimeve t\u00eb siguris\u00eb, arkitektura ose faqosja e faqes s\u00eb internetit ose shkaku i \u00e7do lloj nd\u00ebrhyrjeje n\u00eb p\u00ebrdorimin ose specifikimet teknike, n\u00eb em\u00ebr t\u00eb cilitdo p\u00ebrdorues.<\/p>\n<p>7. Puna e mir\u00ebmbajtjes k\u00ebrkohet t\u00eb kryhet rregullisht, n\u00eb m\u00ebnyr\u00eb q\u00eb faqja e internetit t\u00eb funksionoj\u00eb normalisht dhe t\u00eb p\u00ebrdit\u00ebsohet n\u00eb baza t\u00eb rregullta, gj\u00eb q\u00eb mund ta b\u00ebj\u00eb p\u00ebrdorimin e k\u00ebsaj faqe interneti t\u00eb pamundur p\u00ebr aq koh\u00eb sa kjo pun\u00eb zgjat. \u00cbsht\u00eb e pranuar shprehimisht nga p\u00ebrdoruesit e k\u00ebsaj faqeje interneti q\u00eb Kompania nuk mban p\u00ebrgjegj\u00ebsi p\u00ebr qasjen e pasuksesshme t\u00eb p\u00ebrdoruesve n\u00eb k\u00ebt\u00eb faqe interneti, p\u00ebr shkak t\u00eb arsyeve t\u00eb p\u00ebrmendura m\u00eb lart ose p\u00ebr shkak t\u00eb nd\u00ebrprerjes s\u00eb saj nga Kompania p\u00ebr \u00e7far\u00ebdo arsye tjet\u00ebr dhe kompania nuk \u00ebsht\u00eb e detyruar t\u00eb b\u00ebj\u00eb njoftim paraprak tek p\u00ebrdoruesit e k\u00ebsaj faqeje.<\/p>\n<p>8. Faqja aktuale e internetit e \u00ebsht\u00eb e mundur t\u00eb p\u00ebrmbaj\u00eb lidhje me faqet e internetit t\u00eb pal\u00ebve t\u00eb treta p\u00ebr leht\u00ebsimin dhe informimin e p\u00ebrdoruesit, t\u00eb cil\u00ebn p\u00ebrdoruesi k\u00ebshillohet t\u00eb lexoj\u00eb me kujdes gjat\u00eb vizit\u00ebs s\u00eb tij \/ saj n\u00eb to. \u00c7do lidhje tjet\u00ebr e mundshme e internetit aktuale p\u00ebrmes lidhjeve t\u00eb ve\u00e7anta (lidhjet, hyperlinks, banners etj.) n\u00eb ndonj\u00eb faqe tjet\u00ebr nuk n\u00ebnkupton ndarjen e p\u00ebrgjegj\u00ebsis\u00eb, n\u00eb em\u00ebr t\u00eb kompanis\u00eb, p\u00ebr p\u00ebrmbajtjen e k\u00ebsaj faqes tjet\u00ebr, cil\u00ebsin\u00eb e produkteve t\u00eb saj ose sh\u00ebrbimet q\u00eb paraqiten si dhe politikat q\u00eb kjo faqe interneti miraton p\u00ebr mbrojtjen e t\u00eb dh\u00ebnave personale.<\/p>\n<p>9. Pa paragjykuar referencat e mundshme t\u00eb ve\u00e7anta t\u00eb kushteve t\u00eb tanishme, p\u00ebrgjegj\u00ebsia e mundshme e Kompanis\u00eb do t\u00eb kufizohet n\u00eb veprimet apo mosveprimet e vet\u00eb kompanis\u00eb ose t\u00eb shtohen n\u00eb kuadrin aktual, p\u00ebr shkak t\u00eb mashtrimit apo neglizhenc\u00ebs s\u00eb r\u00ebnd\u00eb. P\u00ebrdoruesit e k\u00ebsaj faqe interneti mbajn\u00eb p\u00ebrgjegj\u00ebsi ndaj kompanis\u00eb p\u00ebr \u00e7do d\u00ebmtim t\u00eb mundsh\u00ebm q\u00eb mund t&#8217;i shkaktohet kompanis\u00eb dhe \/ ose ndonj\u00eb pale t\u00eb tret\u00eb, si pasoj\u00eb e mosp\u00ebrputhjes me kushtet e tanishme.<\/p>\n<p>10. Kushtet e p\u00ebrdorimit t\u00eb internetit n\u00eb k\u00ebt\u00eb faqe drejtohen nga ligji Grek dhe \u00e7do mosmarr\u00ebveshje q\u00eb lidhet me t\u00eb do t\u00eb p\u00ebrcaktohet n\u00eb kompetenc\u00ebn ekskluzive t\u00eb gjykatave t\u00eb Athin\u00ebs.<\/p>\n<p>11. P\u00ebrsa i p\u00ebrket mbrojtjes s\u00eb t\u00eb Dh\u00ebnave Personale dhe p\u00ebrdorimit t\u00eb mundsh\u00ebm t\u00eb tyre n\u00eb kontekstin e k\u00ebsaj faqe interneti, zbatohet <a href=\"https:\/\/everyday.gr\/sq\/politika-e-mbrojtjes-se-te-dhenave-personale\/\"><u>Politika p\u00ebr Mbrojtjen e t\u00eb Dh\u00ebnave Personale<\/u><\/a>, e ngarkuar n\u00eb k\u00ebt\u00eb faqe interneti. Ju lutemi referojuni lidhjes s\u00eb m\u00ebsip\u00ebrme p\u00ebr detaje t\u00eb m\u00ebtejshme.<\/p>\n<p>12. Faqja e internetit aktuale p\u00ebrdor cookies, me q\u00ebllim q\u00eb t\u00eb leht\u00ebsoj\u00eb p\u00ebrdorimin e saj. Shumica e shfletuesve jan\u00eb programuar fillimisht p\u00ebr t\u00eb pranuar cookies. N\u00eb \u00e7do koh\u00eb, mund t\u00eb vendosni shfletuesin tuaj p\u00ebr t\u00eb pranuar t\u00eb gjitha cookies, disa cookies ose pa cookies. N\u00eb rastin e fundit, do t\u00eb \u00e7aktivizoni p\u00ebrdorimin e nj\u00eb pjese t\u00eb faqeve t\u00eb internetit. P\u00ebrve\u00e7 k\u00ebsaj, mund t&#8217;i vendosni preferencat tuaja n\u00eb shfletuesin tuaj n\u00eb nj\u00eb m\u00ebnyr\u00eb q\u00eb t\u00eb informoheni sa her\u00eb q\u00eb nj\u00eb cookie t\u00eb ruhet n\u00eb pajisjen tuaj. Ju lutem vini re se n\u00eb rast se e \u00e7aktivizon cookies, \u00ebsht\u00eb e mundur q\u00eb ju t\u00eb mos keni p\u00ebrdorimin m\u00eb t\u00eb mir\u00eb t\u00eb mundsh\u00ebm, t\u00eb zakonsh\u00ebm t\u00eb faqes s\u00eb internetit. P\u00ebr m\u00eb shum\u00eb informacion, ju lutemi vizitoni: <a href=\"https:\/\/everyday.gr\/sq\/politika-e-cookies\/\"><u>Politika e Cookies<\/u><u>.<\/u><\/a><\/p>\n<p>13. P\u00ebrdorimi i faqes aktuale t\u00eb internetit k\u00ebrkon dhe n\u00ebnkupton pranimin e termave aktual\u00eb si nj\u00eb e t\u00ebr\u00eb, duke p\u00ebrfshir\u00eb politik\u00ebn ekzistuese p\u00ebr mbrojtjen e t\u00eb dh\u00ebnave personale dhe politikat e cookies. Kompania mund t\u00eb vazhdoj\u00eb n\u00eb \u00e7do koh\u00eb me ndryshimin e afateve t\u00eb tanishme, duke p\u00ebrfshir\u00eb politikat e m\u00ebsip\u00ebrme, dhe \u00e7do ndryshim do t\u00eb zbatohet nga data kur \u00ebsht\u00eb postuar n\u00eb faqen aktuale t\u00eb internetit. Si rezultat, p\u00ebrdoruesit k\u00ebshillohen t\u00eb kontrollojn\u00eb rregullisht kushtet ep\u00ebrdorimit, n\u00eb m\u00ebnyr\u00eb q\u00eb t\u00eb informohen p\u00ebr ndryshimet e mundshme dhe, n\u00eb rast se vazhdojn\u00eb t\u00eb p\u00ebrdorin faqen e internetit, supozohet se ata kan\u00eb pranuar kushtet e ndryshuara t\u00eb p\u00ebrdorimit. N\u00eb fund t\u00eb kushteve t\u00eb p\u00ebrdorimit p\u00ebrmendet data e p\u00ebrdit\u00ebsimit t\u00eb fundit.<\/p>\n<p>14. N\u00eb rast se p\u00ebrdoruesi ka ndonj\u00eb paqart\u00ebsi ose pyetje n\u00eb lidhje me faqen aktuale t\u00eb internetit ose d\u00ebshiron t\u00eb komunikoj\u00eb me kompanin\u00eb p\u00ebr \u00e7far\u00ebdo arsye, ai \/ ajo mund t&#8217;i drejtohet detajet e m\u00ebposhtme t\u00eb kontaktit: <a href=\"mailto:mega@megadis.gr\">mega@megadis.gr<\/a><\/p>\n<p><strong>P\u00ebrdit\u00ebsimi i fundit: 23\/4\/2020<\/strong><\/p>\n","protected":false},"excerpt":{"rendered":"<p>TERMAT DHE KUSHTET E FAQES SE INTERNETIT 1. K\u00ebto Terma dhe Kushte t\u00eb faqes s\u00eb internetit p\u00ebrb\u00ebjn\u00eb termat dhe kushtet e p\u00ebrdorimit t\u00eb k\u00ebsaj faqeje, e cila \u00ebsht\u00eb krijuar dhe i takon Kompanis\u00eb me emrin tregtar MEGA DISPOSABLES SA (n\u00eb tekstin e m\u00ebtejm\u00eb &#8220;Kompania&#8221;), zyra e regjistruar e t\u00eb cilit \u00ebsht\u00eb n\u00eb Acharnes, Attiki (148, [&hellip;]<\/p>\n","protected":false},"author":6,"featured_media":0,"parent":0,"menu_order":0,"comment_status":"closed","ping_status":"closed","template":"single.php","meta":{"footnotes":""},"acf":[],"yoast_head":"<!-- This site is optimized with the Yoast SEO plugin v22.4 - https:\/\/yoast.com\/wordpress\/plugins\/seo\/ -->\n<title>Termat dhe Kushte e faqes s\u00eb internetit - Everyday<\/title>\n<meta name=\"robots\" content=\"index, follow, max-snippet:-1, max-image-preview:large, max-video-preview:-1\" \/>\n<link rel=\"canonical\" href=\"https:\/\/everyday.gr\/sq\/terms-and-conditions-of-use\/\" \/>\n<meta property=\"og:locale\" content=\"sq_AL\" \/>\n<meta property=\"og:type\" content=\"article\" \/>\n<meta property=\"og:title\" content=\"Termat dhe Kushte e faqes s\u00eb internetit - Everyday\" \/>\n<meta property=\"og:description\" content=\"TERMAT DHE KUSHTET E FAQES SE INTERNETIT 1. K\u00ebto Terma dhe Kushte t\u00eb faqes s\u00eb internetit p\u00ebrb\u00ebjn\u00eb termat dhe kushtet e p\u00ebrdorimit t\u00eb k\u00ebsaj faqeje, e cila \u00ebsht\u00eb krijuar dhe i takon Kompanis\u00eb me emrin tregtar MEGA DISPOSABLES SA (n\u00eb tekstin e m\u00ebtejm\u00eb &#8220;Kompania&#8221;), zyra e regjistruar e t\u00eb cilit \u00ebsht\u00eb n\u00eb Acharnes, Attiki (148, [&hellip;]\" \/>\n<meta property=\"og:url\" content=\"https:\/\/everyday.gr\/sq\/terms-and-conditions-of-use\/\" \/>\n<meta property=\"og:site_name\" content=\"Everyday\" \/>\n<meta property=\"article:modified_time\" content=\"2023-03-29T09:56:19+00:00\" \/>\n<meta name=\"twitter:card\" content=\"summary_large_image\" \/>\n<meta name=\"twitter:label1\" content=\"Est. reading time\" \/>\n\t<meta name=\"twitter:data1\" content=\"6 minutes\" \/>\n<script type=\"application\/ld+json\" class=\"yoast-schema-graph\">{\"@context\":\"https:\/\/schema.org\",\"@graph\":[{\"@type\":\"WebPage\",\"@id\":\"https:\/\/everyday.gr\/sq\/terms-and-conditions-of-use\/\",\"url\":\"https:\/\/everyday.gr\/sq\/terms-and-conditions-of-use\/\",\"name\":\"Termat dhe Kushte e faqes s\u00eb internetit - Everyday\",\"isPartOf\":{\"@id\":\"https:\/\/everyday.gr\/ro\/#website\"},\"datePublished\":\"2016-07-05T13:56:49+00:00\",\"dateModified\":\"2023-03-29T09:56:19+00:00\",\"inLanguage\":\"sq-AL\",\"potentialAction\":[{\"@type\":\"ReadAction\",\"target\":[\"https:\/\/everyday.gr\/sq\/terms-and-conditions-of-use\/\"]}]},{\"@type\":\"WebSite\",\"@id\":\"https:\/\/everyday.gr\/ro\/#website\",\"url\":\"https:\/\/everyday.gr\/ro\/\",\"name\":\"Everyday\",\"description\":\"Everyday tagline\",\"potentialAction\":[{\"@type\":\"SearchAction\",\"target\":{\"@type\":\"EntryPoint\",\"urlTemplate\":\"https:\/\/everyday.gr\/ro\/?s={search_term_string}\"},\"query-input\":\"required name=search_term_string\"}],\"inLanguage\":\"sq-AL\"}]}<\/script>\n<!-- \/ Yoast SEO plugin. -->","yoast_head_json":{"title":"Termat dhe Kushte e faqes s\u00eb internetit - Everyday","robots":{"index":"index","follow":"follow","max-snippet":"max-snippet:-1","max-image-preview":"max-image-preview:large","max-video-preview":"max-video-preview:-1"},"canonical":"https:\/\/everyday.gr\/sq\/terms-and-conditions-of-use\/","og_locale":"sq_AL","og_type":"article","og_title":"Termat dhe Kushte e faqes s\u00eb internetit - Everyday","og_description":"TERMAT DHE KUSHTET E FAQES SE INTERNETIT 1. K\u00ebto Terma dhe Kushte t\u00eb faqes s\u00eb internetit p\u00ebrb\u00ebjn\u00eb termat dhe kushtet e p\u00ebrdorimit t\u00eb k\u00ebsaj faqeje, e cila \u00ebsht\u00eb krijuar dhe i takon Kompanis\u00eb me emrin tregtar MEGA DISPOSABLES SA (n\u00eb tekstin e m\u00ebtejm\u00eb &#8220;Kompania&#8221;), zyra e regjistruar e t\u00eb cilit \u00ebsht\u00eb n\u00eb Acharnes, Attiki (148, [&hellip;]","og_url":"https:\/\/everyday.gr\/sq\/terms-and-conditions-of-use\/","og_site_name":"Everyday","article_modified_time":"2023-03-29T09:56:19+00:00","twitter_card":"summary_large_image","twitter_misc":{"Est. reading time":"6 minutes"},"schema":{"@context":"https:\/\/schema.org","@graph":[{"@type":"WebPage","@id":"https:\/\/everyday.gr\/sq\/terms-and-conditions-of-use\/","url":"https:\/\/everyday.gr\/sq\/terms-and-conditions-of-use\/","name":"Termat dhe Kushte e faqes s\u00eb internetit - Everyday","isPartOf":{"@id":"https:\/\/everyday.gr\/ro\/#website"},"datePublished":"2016-07-05T13:56:49+00:00","dateModified":"2023-03-29T09:56:19+00:00","inLanguage":"sq-AL","potentialAction":[{"@type":"ReadAction","target":["https:\/\/everyday.gr\/sq\/terms-and-conditions-of-use\/"]}]},{"@type":"WebSite","@id":"https:\/\/everyday.gr\/ro\/#website","url":"https:\/\/everyday.gr\/ro\/","name":"Everyday","description":"Everyday tagline","potentialAction":[{"@type":"SearchAction","target":{"@type":"EntryPoint","urlTemplate":"https:\/\/everyday.gr\/ro\/?s={search_term_string}"},"query-input":"required name=search_term_string"}],"inLanguage":"sq-AL"}]}},"_links":{"self":[{"href":"https:\/\/everyday.gr\/sq\/wp-json\/wp\/v2\/pages\/4777"}],"collection":[{"href":"https:\/\/everyday.gr\/sq\/wp-json\/wp\/v2\/pages"}],"about":[{"href":"https:\/\/everyday.gr\/sq\/wp-json\/wp\/v2\/types\/page"}],"author":[{"embeddable":true,"href":"https:\/\/everyday.gr\/sq\/wp-json\/wp\/v2\/users\/6"}],"replies":[{"embeddable":true,"href":"https:\/\/everyday.gr\/sq\/wp-json\/wp\/v2\/comments?post=4777"}],"version-history":[{"count":21,"href":"https:\/\/everyday.gr\/sq\/wp-json\/wp\/v2\/pages\/4777\/revisions"}],"predecessor-version":[{"id":26332,"href":"https:\/\/everyday.gr\/sq\/wp-json\/wp\/v2\/pages\/4777\/revisions\/26332"}],"wp:attachment":[{"href":"https:\/\/everyday.gr\/sq\/wp-json\/wp\/v2\/media?parent=4777"}],"curies":[{"name":"wp","href":"https:\/\/api.w.org\/{rel}","templated":true}]}}