{"id":24794,"date":"2023-03-14T13:47:13","date_gmt":"2023-03-14T13:47:13","guid":{"rendered":"https:\/\/everyday.gr\/desmeysi-mas-i-diki-sas-asfaleia\/"},"modified":"2024-05-23T08:10:41","modified_gmt":"2024-05-23T08:10:41","slug":"projektimi","status":"publish","type":"page","link":"https:\/\/everyday.gr\/sq\/rreth-nesh\/projektimi\/","title":{"rendered":"Siguri e lart\u00eb e cil\u00ebsis\u00eb"},"content":{"rendered":"","protected":false},"excerpt":{"rendered":"","protected":false},"author":16,"featured_media":11875,"parent":25668,"menu_order":0,"comment_status":"closed","ping_status":"closed","template":"page_builder.php","meta":{"footnotes":""},"acf":[],"yoast_head":"<!-- This site is optimized with the Yoast SEO plugin v22.4 - https:\/\/yoast.com\/wordpress\/plugins\/seo\/ -->\n<title>Siguri e lart\u00eb e cil\u00ebsis\u00eb - Everyday<\/title>\n<meta name=\"robots\" content=\"index, follow, max-snippet:-1, max-image-preview:large, max-video-preview:-1\" \/>\n<link rel=\"canonical\" href=\"https:\/\/everyday.gr\/sq\/rreth-nesh\/projektimi\/\" \/>\n<meta property=\"og:locale\" content=\"sq_AL\" \/>\n<meta property=\"og:type\" content=\"article\" \/>\n<meta property=\"og:title\" content=\"Siguri e lart\u00eb e cil\u00ebsis\u00eb - Everyday\" \/>\n<meta property=\"og:url\" content=\"https:\/\/everyday.gr\/sq\/rreth-nesh\/projektimi\/\" \/>\n<meta property=\"og:site_name\" content=\"Everyday\" \/>\n<meta property=\"article:modified_time\" content=\"2024-05-23T08:10:41+00:00\" \/>\n<meta property=\"og:image\" content=\"https:\/\/everyday.gr\/wp-content\/uploads\/2019\/11\/1100x520_small.jpg\" \/>\n\t<meta property=\"og:image:width\" content=\"1100\" \/>\n\t<meta property=\"og:image:height\" content=\"520\" \/>\n\t<meta property=\"og:image:type\" content=\"image\/jpeg\" \/>\n<meta name=\"twitter:card\" content=\"summary_large_image\" \/>\n<meta name=\"twitter:label1\" content=\"Est. reading time\" \/>\n\t<meta name=\"twitter:data1\" content=\"8 minutes\" \/>\n<script type=\"application\/ld+json\" class=\"yoast-schema-graph\">{\"@context\":\"https:\/\/schema.org\",\"@graph\":[{\"@type\":\"WebPage\",\"@id\":\"https:\/\/everyday.gr\/sq\/rreth-nesh\/projektimi\/\",\"url\":\"https:\/\/everyday.gr\/sq\/rreth-nesh\/projektimi\/\",\"name\":\"Siguri e lart\u00eb e cil\u00ebsis\u00eb - Everyday\",\"isPartOf\":{\"@id\":\"https:\/\/everyday.gr\/ro\/#website\"},\"primaryImageOfPage\":{\"@id\":\"https:\/\/everyday.gr\/sq\/rreth-nesh\/projektimi\/#primaryimage\"},\"image\":{\"@id\":\"https:\/\/everyday.gr\/sq\/rreth-nesh\/projektimi\/#primaryimage\"},\"thumbnailUrl\":\"https:\/\/everyday.gr\/wp-content\/uploads\/2019\/11\/1100x520_small.jpg\",\"datePublished\":\"2023-03-14T13:47:13+00:00\",\"dateModified\":\"2024-05-23T08:10:41+00:00\",\"breadcrumb\":{\"@id\":\"https:\/\/everyday.gr\/sq\/rreth-nesh\/projektimi\/#breadcrumb\"},\"inLanguage\":\"sq-AL\",\"potentialAction\":[{\"@type\":\"ReadAction\",\"target\":[\"https:\/\/everyday.gr\/sq\/rreth-nesh\/projektimi\/\"]}]},{\"@type\":\"ImageObject\",\"inLanguage\":\"sq-AL\",\"@id\":\"https:\/\/everyday.gr\/sq\/rreth-nesh\/projektimi\/#primaryimage\",\"url\":\"https:\/\/everyday.gr\/wp-content\/uploads\/2019\/11\/1100x520_small.jpg\",\"contentUrl\":\"https:\/\/everyday.gr\/wp-content\/uploads\/2019\/11\/1100x520_small.jpg\",\"width\":1100,\"height\":520},{\"@type\":\"BreadcrumbList\",\"@id\":\"https:\/\/everyday.gr\/sq\/rreth-nesh\/projektimi\/#breadcrumb\",\"itemListElement\":[{\"@type\":\"ListItem\",\"position\":1,\"name\":\"Rreth nesh\",\"item\":\"https:\/\/everyday.gr\/sq\/rreth-nesh\/\"},{\"@type\":\"ListItem\",\"position\":2,\"name\":\"Siguri e lart\u00eb e cil\u00ebsis\u00eb\"}]},{\"@type\":\"WebSite\",\"@id\":\"https:\/\/everyday.gr\/ro\/#website\",\"url\":\"https:\/\/everyday.gr\/ro\/\",\"name\":\"Everyday\",\"description\":\"Everyday tagline\",\"potentialAction\":[{\"@type\":\"SearchAction\",\"target\":{\"@type\":\"EntryPoint\",\"urlTemplate\":\"https:\/\/everyday.gr\/ro\/?s={search_term_string}\"},\"query-input\":\"required name=search_term_string\"}],\"inLanguage\":\"sq-AL\"}]}<\/script>\n<!-- \/ Yoast SEO plugin. -->","yoast_head_json":{"title":"Siguri e lart\u00eb e cil\u00ebsis\u00eb - Everyday","robots":{"index":"index","follow":"follow","max-snippet":"max-snippet:-1","max-image-preview":"max-image-preview:large","max-video-preview":"max-video-preview:-1"},"canonical":"https:\/\/everyday.gr\/sq\/rreth-nesh\/projektimi\/","og_locale":"sq_AL","og_type":"article","og_title":"Siguri e lart\u00eb e cil\u00ebsis\u00eb - Everyday","og_url":"https:\/\/everyday.gr\/sq\/rreth-nesh\/projektimi\/","og_site_name":"Everyday","article_modified_time":"2024-05-23T08:10:41+00:00","og_image":[{"width":1100,"height":520,"url":"https:\/\/everyday.gr\/wp-content\/uploads\/2019\/11\/1100x520_small.jpg","type":"image\/jpeg"}],"twitter_card":"summary_large_image","twitter_misc":{"Est. reading time":"8 minutes"},"schema":{"@context":"https:\/\/schema.org","@graph":[{"@type":"WebPage","@id":"https:\/\/everyday.gr\/sq\/rreth-nesh\/projektimi\/","url":"https:\/\/everyday.gr\/sq\/rreth-nesh\/projektimi\/","name":"Siguri e lart\u00eb e cil\u00ebsis\u00eb - Everyday","isPartOf":{"@id":"https:\/\/everyday.gr\/ro\/#website"},"primaryImageOfPage":{"@id":"https:\/\/everyday.gr\/sq\/rreth-nesh\/projektimi\/#primaryimage"},"image":{"@id":"https:\/\/everyday.gr\/sq\/rreth-nesh\/projektimi\/#primaryimage"},"thumbnailUrl":"https:\/\/everyday.gr\/wp-content\/uploads\/2019\/11\/1100x520_small.jpg","datePublished":"2023-03-14T13:47:13+00:00","dateModified":"2024-05-23T08:10:41+00:00","breadcrumb":{"@id":"https:\/\/everyday.gr\/sq\/rreth-nesh\/projektimi\/#breadcrumb"},"inLanguage":"sq-AL","potentialAction":[{"@type":"ReadAction","target":["https:\/\/everyday.gr\/sq\/rreth-nesh\/projektimi\/"]}]},{"@type":"ImageObject","inLanguage":"sq-AL","@id":"https:\/\/everyday.gr\/sq\/rreth-nesh\/projektimi\/#primaryimage","url":"https:\/\/everyday.gr\/wp-content\/uploads\/2019\/11\/1100x520_small.jpg","contentUrl":"https:\/\/everyday.gr\/wp-content\/uploads\/2019\/11\/1100x520_small.jpg","width":1100,"height":520},{"@type":"BreadcrumbList","@id":"https:\/\/everyday.gr\/sq\/rreth-nesh\/projektimi\/#breadcrumb","itemListElement":[{"@type":"ListItem","position":1,"name":"Rreth nesh","item":"https:\/\/everyday.gr\/sq\/rreth-nesh\/"},{"@type":"ListItem","position":2,"name":"Siguri e lart\u00eb e cil\u00ebsis\u00eb"}]},{"@type":"WebSite","@id":"https:\/\/everyday.gr\/ro\/#website","url":"https:\/\/everyday.gr\/ro\/","name":"Everyday","description":"Everyday tagline","potentialAction":[{"@type":"SearchAction","target":{"@type":"EntryPoint","urlTemplate":"https:\/\/everyday.gr\/ro\/?s={search_term_string}"},"query-input":"required name=search_term_string"}],"inLanguage":"sq-AL"}]}},"_links":{"self":[{"href":"https:\/\/everyday.gr\/sq\/wp-json\/wp\/v2\/pages\/24794"}],"collection":[{"href":"https:\/\/everyday.gr\/sq\/wp-json\/wp\/v2\/pages"}],"about":[{"href":"https:\/\/everyday.gr\/sq\/wp-json\/wp\/v2\/types\/page"}],"author":[{"embeddable":true,"href":"https:\/\/everyday.gr\/sq\/wp-json\/wp\/v2\/users\/16"}],"replies":[{"embeddable":true,"href":"https:\/\/everyday.gr\/sq\/wp-json\/wp\/v2\/comments?post=24794"}],"version-history":[{"count":13,"href":"https:\/\/everyday.gr\/sq\/wp-json\/wp\/v2\/pages\/24794\/revisions"}],"predecessor-version":[{"id":29767,"href":"https:\/\/everyday.gr\/sq\/wp-json\/wp\/v2\/pages\/24794\/revisions\/29767"}],"up":[{"embeddable":true,"href":"https:\/\/everyday.gr\/sq\/wp-json\/wp\/v2\/pages\/25668"}],"wp:featuredmedia":[{"embeddable":true,"href":"https:\/\/everyday.gr\/sq\/wp-json\/wp\/v2\/media\/11875"}],"wp:attachment":[{"href":"https:\/\/everyday.gr\/sq\/wp-json\/wp\/v2\/media?parent=24794"}],"curies":[{"name":"wp","href":"https:\/\/api.w.org\/{rel}","templated":true}]}}