{"id":6395,"date":"2016-08-08T14:38:50","date_gmt":"2016-08-08T14:38:50","guid":{"rendered":"http:\/\/everyday.gr\/ro\/?page_id=6395"},"modified":"2023-03-29T09:59:45","modified_gmt":"2023-03-29T09:59:45","slug":"termeni-si-conditii","status":"publish","type":"page","link":"https:\/\/everyday.gr\/ro\/termeni-si-conditii\/","title":{"rendered":"Termeni si conditii"},"content":{"rendered":"<p><strong>TERMENII \u0218I CONDI\u021aIILE WEBSITE-ULUI<\/strong><\/p>\n<p>1. Termenii \u0219i condi\u021biile acestui site constituie termenii \u0219i condi\u021biile de utilizare a paginii web de mai jos, care a fost creat\u0103 \u0219i apar\u021bine companiei cu denumirea comercial\u0103 MEGA DISPOSABLES SA (denumit\u0103 \u00een continuare &#8222;compania&#8221;), cu sediul \u00een Acharnes, Attiki (148, Dekelias str.). Utilizatorii site-ului actual sunt sf\u0103tui\u021bi s\u0103 citeasc\u0103 cu aten\u021bie termenii \u0219i condi\u021biile de mai sus \u00eenainte de a continua.\u00a0<strong>\u00cen cazul \u00een care utilizatorul are vreo obiec\u021bie fa\u021b\u0103 de oricare dintre ace\u0219ti termeni \u0219i condi\u021bii pentru site, acesta nu trebuie s\u0103 utilizeze acest site.<\/strong><\/p>\n<p>2. Doar adul\u021bii au dreptul de acces \u0219i de utilizare a acestui site, adic\u0103 persoane de peste 18 ani.<\/p>\n<p>3. Direc\u021bion\u0103m aten\u021bia utilizatorilor asupra urm\u0103toarelor aspecte: (a) postarea con\u021binutului site-urilor legata de produsele companiei nu reprezint\u0103 o solicitare, consilierea sau instigarea a oric\u0103rei ac\u021biuni legate de un rezultat financiar, propunerea pentru cadrul de orice tip de acord sau garan\u021bie c\u0103 aceste produse sunt disponibile, total sau par\u021bial (b) materialul informativ disponibil prin intermediul site-ului web nu este neap\u0103rat corect sau actualizat, \u00een acelasi timp \u00a0este posibil ca acesta s\u0103 nu fie complet actualizat p\u00e2n\u0103 \u00een momentul accesului sau a fost supus unor modific\u0103ri sau inser\u0103ri de c\u0103tre ter\u021be p\u0103r\u021bi f\u0103r\u0103 cuno\u0219tin\u021bele sau consim\u021b\u0103m\u00e2ntul companiei \u0219i (c) utilizatorii sunt sf\u0103tui\u021bi \u0219i \u00eencuraja\u021bi s\u0103 confirme acurate\u021bea, temeinicia \u0219i actualitatea fiec\u0103rei informa\u021bii furnizate prin site-ul curent.<\/p>\n<p>4. Utilizarea site-ului Web va fi efectuat\u0103 exclusiv \u00een scopuri legale \u0219i \u00eentr-un mod care nu limiteaz\u0103 sau \u00eempiedic\u0103 utilizarea acestuia de c\u0103tre ter\u021bi. Utilizatorul este obligat s\u0103 ac\u021bioneze \u00een conformitate cu legea, cu practica corect\u0103 \u0219i cu termenii de utilizare \u0219i s\u0103 nu procedeze la ac\u021biuni sau omisiuni care ar putea provoca pagube sau func\u021bionarea necorespunz\u0103toare a site-ului sau modificarea con\u021binutului acestuia. Ac\u021biunile care intr\u0103 \u00een conflict cu cele de mai sus sunt considerate, cu caracter orientativ si nu se limiteaz\u0103 la urm\u0103toarele:<\/p>\n<p>\u2022 \u00eenc\u0103lcarea oric\u0103rui drept legat de proprietatea intelectual\u0103 a companiei sau a ter\u021bilor<\/p>\n<p>\u2022 obstruc\u021bionarea func\u021bion\u0103rii sau accesului vizitatorilor la site-ul companiei<\/p>\n<p>\u2022 cauza daunelor unei p\u0103r\u021bi terte.<\/p>\n<p>\u2022 instalarea, publicarea, promovarea sau transferul de viru\u0219i sau de programe software r\u0103u inten\u021bionate \u00een\/sau prin intermediul site-ului web actual.<\/p>\n<p>5. Compania nu garanteaz\u0103 manopera, disponibilitatea sau securitatea site-ului, utilizarea acestuia sau accesul la acesta. Utilizatorii sunt sf\u0103tui\u021bi \u0219i au responsabilitatea s\u0103 ia toate m\u0103surile de securitate necesare privind siguran\u021ba \u0219i integritatea sistemului.<\/p>\n<p>6. Con\u021binutul site-ului este protejat de drepturile de proprietate intelectual\u0103 ale companiei sau ale p\u0103r\u021bilor ter\u021be (orientativ: m\u0103rci comerciale, texte, grafic\u0103, imagini etc.). Marcile inregistrate pe site apar\u021bin exclusiv companiei \u0219i orice tip de utilizare f\u0103r\u0103 aprobarea scris\u0103 a companiei este strict interzis\u0103. \u00cen plus, f\u0103r\u0103 aprobarea scris\u0103 a companiei, este absolut interzis\u0103 completarea sau duplicarea, modificarea, republicarea, reproducerea, transmiterea sau orice alt mod de exploatare a elementelor din con\u021binutul site-ului web, exclusiv \u00een mod expres copierea individual\u0103, salvarea sau republicarea din elementele de mai sus, cu condi\u021bia ca indicarea acestui site ca surs\u0103 s\u0103 nu fie eliminat\u0103 \u0219i c\u0103 aceste elemente nu vor fi utilizate \u00een scopuri comerciale. \u00cen plus, interzicerea modificarea \u00a0sau coruptia \u00a0set\u0103rilor de securitate, a arhitecturii sau a structurii site-ului sau a oric\u0103rui tip de interferen\u021b\u0103 \u00een utilizarea sau specifica\u021biile tehnice, \u00een numele oric\u0103rui utilizator este de asemenea interzisa.<\/p>\n<p>7. Lucr\u0103rile de \u00eentre\u021binere trebuie efectuate \u00een mod regulat, pentru ca site-ul web s\u0103 func\u021bioneze f\u0103r\u0103 probleme \u0219i s\u0103 fie actualizat \u00een mod regulat, ceea ce ar putea face imposibil\u0103 utilizarea site-ului web de mai sus, at\u00e2t timp c\u00e2t aceast\u0103 activitate dureaz\u0103. Este explicit recunoscut de c\u0103tre utilizatorii acestui site-ului c\u0103 compania nu \u00ee\u0219i asum\u0103 nicio responsabilitate pentru accesul nereu\u0219it al utilizatorilor la site-ul web, din motivele men\u021bionate mai sus sau\/\u0219i din cauza \u00eentreruperii sale de c\u0103tre companie din orice alt motiv, iar compania nu este obligata s\u0103 procedeze la o notificare relativ\u0103 anterioar\u0103 c\u0103tre utilizatorii site-ului web de mai jos.\\<\/p>\n<p>8. Site-ul actual este posibil s\u0103 con\u021bin\u0103 link-uri c\u0103tre site-urile ter\u021bilor pentru facilitarea \u0219i informarea utilizatorului, pe care utilizatorul este sf\u0103tuit s\u0103 le citeasc\u0103 cu aten\u021bie \u00een timpul vizitei la acestea. Orice alt\u0103 leg\u0103tur\u0103 posibil\u0103 a site-ului actual prin link-uri speciale (link-uri, hyperlink-uri, bannere etc.) c\u0103tre orice alt site nu implic\u0103 atribuirea, \u00een numele companiei, a responsabilit\u0103\u021bii pentru con\u021binutul acestui site, calitatea produselor sale sau serviciile care sunt prezentate, precum \u0219i politica adoptat\u0103 de acest site pentru protec\u021bia datelor cu caracter personal.<\/p>\n<p>9. R\u0103spunderea posibil\u0103 a companiei va fi limitat\u0103 la ac\u021biuni sau omisiuni ale companiei \u00eensu\u0219i sau adaugirile la aceasta \u00een cadrul companiei , fara prejudicii la posibilele referinte speciale ale termenilor actuali, \u00a0datorita unei fraude sau unei neglijen\u021be grave. Utilizatorii site-ului web au r\u0103spundere fa\u021b\u0103 de companie pentru eventualele daune care ar putea fi cauzate companiei \u0219i \/sau oric\u0103rei parti terte ca urmare a nerespect\u0103rii termenilor actuali.<\/p>\n<p>10. Prezentele condi\u021bii de utilizare ale site-ului web sunt reglementate de legea greac\u0103, iar eventualele litigii \u00een leg\u0103tur\u0103 cu acestea se refer\u0103 la competen\u021ba exclusiv\u0103 a instan\u021belor din Atena.<\/p>\n<p>11. \u00cen ceea ce prive\u0219te protec\u021bia datelor personale \u0219i posibila utilizare a acestora \u00een contextul site-ului web, se aplic\u0103 politica relevant\u0103 privind protec\u021bia datelor personale, precum este \u00eenc\u0103rcat\u0103 \u00een site-ul web. V\u0103 rug\u0103m s\u0103 consulta\u021bi link-ul de mai sus pentru mai multe detalii.<\/p>\n<p>12. Site-ul curent utilizeaz\u0103 cookie-uri, cu scopul de a facilita utilizarea acestuia. Majoritatea browserelor sunt ini\u021bial programate s\u0103 accepte modulele cookie. \u00cen orice moment, pute\u021bi seta browserul s\u0103 accepte toate cookie-urile, unele module cookie sau niciun cookie. \u00cen ultimul caz, ve\u021bi dezactiva utilizarea unei p\u0103r\u021bi din site-uri web. \u00cen plus, pute\u021bi s\u0103 v\u0103 seta\u021bi preferin\u021bele \u00een browser \u00een a\u0219a fel \u00eenc\u00e2t s\u0103 fi\u021bi informat de fiecare dat\u0103 c\u00e2nd un fi\u0219ier cookie este salvat pe dispozitiv. Re\u021bine\u021bi c\u0103 \u00een cazul dezactiv\u0103rii cookie-urilor este posibil s\u0103 nu ave\u021bi cea mai bun\u0103 utilizare obi\u0219nuit\u0103 posibil\u0103 a site-ului. Pentru mai multe informa\u021bii, vizita\u021bi: <a href=\"https:\/\/everyday.gr\/ro\/politica-cookie-urilor\/\">Politica de cookie-uri<\/a>.<\/p>\n<p>13. Utilizarea site-ului actual necesit\u0103 \u0219i implic\u0103 acceptarea termenilor actuali \u00een ansamblu, inclusiv a politicii existente privind protec\u021bia datelor cu caracter personal \u0219i a politicii cookie-urilor. Compania poate proceda \u00een orice moment cu modificarea termenilor actuali, inclusiv cu Politicile de mai sus, \u0219i fiecare modificare se va aplica de la data la care a fost postat pe site-ul curent. \u00cen consecin\u021b\u0103, utilizatorii sunt sf\u0103tui\u021bi s\u0103 verifice periodic termenii de utilizare actuali, pentru a fi informa\u021bi \u00een leg\u0103tur\u0103 cu posibilele modific\u0103ri \u0219i, \u00een cazul \u00een care continu\u0103 s\u0103 utilizeze site-ul Web, se presupune c\u0103 au acceptat termenii de utilizare modifica\u021bi. La sf\u00e2r\u0219itul termenilor de utilizare se men\u021bioneaz\u0103 data ultimei actualiz\u0103ri.<\/p>\n<p>14. \u00cen cazul \u00een care utilizatorul are orice \u00eentrebare cu privire la site-ul curent sau dore\u0219te s\u0103 comunice cu compania din orice motiv, el poate sa se adreseze la urm\u0103toarele date de contact: <a href=\"mailto:mega@megadis.gr\"><u>mega@megadis.gr<\/u><\/a><\/p>\n<p><strong>Ultima actualizare: 23\/4\/2020<\/strong><\/p>\n","protected":false},"excerpt":{"rendered":"<p>TERMENII \u0218I CONDI\u021aIILE WEBSITE-ULUI 1. Termenii \u0219i condi\u021biile acestui site constituie termenii \u0219i condi\u021biile de utilizare a paginii web de mai jos, care a fost creat\u0103 \u0219i apar\u021bine companiei cu denumirea comercial\u0103 MEGA DISPOSABLES SA (denumit\u0103 \u00een continuare &#8222;compania&#8221;), cu sediul \u00een Acharnes, Attiki (148, Dekelias str.). Utilizatorii site-ului actual sunt sf\u0103tui\u021bi s\u0103 citeasc\u0103 cu [&hellip;]<\/p>\n","protected":false},"author":6,"featured_media":0,"parent":0,"menu_order":0,"comment_status":"closed","ping_status":"closed","template":"single.php","meta":{"footnotes":""},"acf":[],"yoast_head":"<!-- This site is optimized with the Yoast SEO plugin v22.4 - https:\/\/yoast.com\/wordpress\/plugins\/seo\/ -->\n<title>Termeni si conditii - Everyday<\/title>\n<meta name=\"robots\" content=\"index, follow, max-snippet:-1, max-image-preview:large, max-video-preview:-1\" \/>\n<link rel=\"canonical\" href=\"https:\/\/everyday.gr\/ro\/termeni-si-conditii\/\" \/>\n<meta property=\"og:locale\" content=\"ro_RO\" \/>\n<meta property=\"og:type\" content=\"article\" \/>\n<meta property=\"og:title\" content=\"Termeni si conditii - Everyday\" \/>\n<meta property=\"og:description\" content=\"TERMENII \u0218I CONDI\u021aIILE WEBSITE-ULUI 1. Termenii \u0219i condi\u021biile acestui site constituie termenii \u0219i condi\u021biile de utilizare a paginii web de mai jos, care a fost creat\u0103 \u0219i apar\u021bine companiei cu denumirea comercial\u0103 MEGA DISPOSABLES SA (denumit\u0103 \u00een continuare &#8222;compania&#8221;), cu sediul \u00een Acharnes, Attiki (148, Dekelias str.). Utilizatorii site-ului actual sunt sf\u0103tui\u021bi s\u0103 citeasc\u0103 cu [&hellip;]\" \/>\n<meta property=\"og:url\" content=\"https:\/\/everyday.gr\/ro\/termeni-si-conditii\/\" \/>\n<meta property=\"og:site_name\" content=\"Everyday\" \/>\n<meta property=\"article:modified_time\" content=\"2023-03-29T09:59:45+00:00\" \/>\n<meta name=\"twitter:card\" content=\"summary_large_image\" \/>\n<meta name=\"twitter:label1\" content=\"Est. reading time\" \/>\n\t<meta name=\"twitter:data1\" content=\"5 minutes\" \/>\n<script type=\"application\/ld+json\" class=\"yoast-schema-graph\">{\"@context\":\"https:\/\/schema.org\",\"@graph\":[{\"@type\":\"WebPage\",\"@id\":\"https:\/\/everyday.gr\/ro\/termeni-si-conditii\/\",\"url\":\"https:\/\/everyday.gr\/ro\/termeni-si-conditii\/\",\"name\":\"Termeni si conditii - Everyday\",\"isPartOf\":{\"@id\":\"https:\/\/everyday.gr\/ro\/#website\"},\"datePublished\":\"2016-08-08T14:38:50+00:00\",\"dateModified\":\"2023-03-29T09:59:45+00:00\",\"inLanguage\":\"ro-RO\",\"potentialAction\":[{\"@type\":\"ReadAction\",\"target\":[\"https:\/\/everyday.gr\/ro\/termeni-si-conditii\/\"]}]},{\"@type\":\"WebSite\",\"@id\":\"https:\/\/everyday.gr\/ro\/#website\",\"url\":\"https:\/\/everyday.gr\/ro\/\",\"name\":\"Everyday\",\"description\":\"Everyday tagline\",\"potentialAction\":[{\"@type\":\"SearchAction\",\"target\":{\"@type\":\"EntryPoint\",\"urlTemplate\":\"https:\/\/everyday.gr\/ro\/?s={search_term_string}\"},\"query-input\":\"required name=search_term_string\"}],\"inLanguage\":\"ro-RO\"}]}<\/script>\n<!-- \/ Yoast SEO plugin. -->","yoast_head_json":{"title":"Termeni si conditii - Everyday","robots":{"index":"index","follow":"follow","max-snippet":"max-snippet:-1","max-image-preview":"max-image-preview:large","max-video-preview":"max-video-preview:-1"},"canonical":"https:\/\/everyday.gr\/ro\/termeni-si-conditii\/","og_locale":"ro_RO","og_type":"article","og_title":"Termeni si conditii - Everyday","og_description":"TERMENII \u0218I CONDI\u021aIILE WEBSITE-ULUI 1. Termenii \u0219i condi\u021biile acestui site constituie termenii \u0219i condi\u021biile de utilizare a paginii web de mai jos, care a fost creat\u0103 \u0219i apar\u021bine companiei cu denumirea comercial\u0103 MEGA DISPOSABLES SA (denumit\u0103 \u00een continuare &#8222;compania&#8221;), cu sediul \u00een Acharnes, Attiki (148, Dekelias str.). Utilizatorii site-ului actual sunt sf\u0103tui\u021bi s\u0103 citeasc\u0103 cu [&hellip;]","og_url":"https:\/\/everyday.gr\/ro\/termeni-si-conditii\/","og_site_name":"Everyday","article_modified_time":"2023-03-29T09:59:45+00:00","twitter_card":"summary_large_image","twitter_misc":{"Est. reading time":"5 minutes"},"schema":{"@context":"https:\/\/schema.org","@graph":[{"@type":"WebPage","@id":"https:\/\/everyday.gr\/ro\/termeni-si-conditii\/","url":"https:\/\/everyday.gr\/ro\/termeni-si-conditii\/","name":"Termeni si conditii - Everyday","isPartOf":{"@id":"https:\/\/everyday.gr\/ro\/#website"},"datePublished":"2016-08-08T14:38:50+00:00","dateModified":"2023-03-29T09:59:45+00:00","inLanguage":"ro-RO","potentialAction":[{"@type":"ReadAction","target":["https:\/\/everyday.gr\/ro\/termeni-si-conditii\/"]}]},{"@type":"WebSite","@id":"https:\/\/everyday.gr\/ro\/#website","url":"https:\/\/everyday.gr\/ro\/","name":"Everyday","description":"Everyday tagline","potentialAction":[{"@type":"SearchAction","target":{"@type":"EntryPoint","urlTemplate":"https:\/\/everyday.gr\/ro\/?s={search_term_string}"},"query-input":"required name=search_term_string"}],"inLanguage":"ro-RO"}]}},"_links":{"self":[{"href":"https:\/\/everyday.gr\/ro\/wp-json\/wp\/v2\/pages\/6395"}],"collection":[{"href":"https:\/\/everyday.gr\/ro\/wp-json\/wp\/v2\/pages"}],"about":[{"href":"https:\/\/everyday.gr\/ro\/wp-json\/wp\/v2\/types\/page"}],"author":[{"embeddable":true,"href":"https:\/\/everyday.gr\/ro\/wp-json\/wp\/v2\/users\/6"}],"replies":[{"embeddable":true,"href":"https:\/\/everyday.gr\/ro\/wp-json\/wp\/v2\/comments?post=6395"}],"version-history":[{"count":18,"href":"https:\/\/everyday.gr\/ro\/wp-json\/wp\/v2\/pages\/6395\/revisions"}],"predecessor-version":[{"id":26334,"href":"https:\/\/everyday.gr\/ro\/wp-json\/wp\/v2\/pages\/6395\/revisions\/26334"}],"wp:attachment":[{"href":"https:\/\/everyday.gr\/ro\/wp-json\/wp\/v2\/media?parent=6395"}],"curies":[{"name":"wp","href":"https:\/\/api.w.org\/{rel}","templated":true}]}}