{"id":10004,"date":"2018-07-20T08:06:05","date_gmt":"2018-07-20T08:06:05","guid":{"rendered":"https:\/\/everyday.gr\/?page_id=10004\/"},"modified":"2020-04-23T15:13:10","modified_gmt":"2020-04-23T15:13:10","slug":"politica-cookie-urilor","status":"publish","type":"page","link":"https:\/\/everyday.gr\/ro\/politica-cookie-urilor\/","title":{"rendered":"Politica Cookie &#8211; Urilor"},"content":{"rendered":"<p><strong>POLITICA COOKIE-URILOR<\/strong><\/p>\n<p>Politica actual\u0103 ofer\u0103 informa\u021bii privind modul \u00een care proces\u0103m modulele cookie, precum \u0219i informa\u021bii privind drepturile dvs. privind utilizarea cookie-urilor.<\/p>\n<p>Citi\u021bi cu aten\u021bie urm\u0103toarele informa\u021bii. Accesul dvs. la site presupune acceptarea politicii curente de utilizare a cookie-urilor. Dac\u0103 nu accepta\u021bi politica actual\u0103, nu mai utiliza\u021bi paginile web ale acestui site <strong>web. <\/strong><\/p>\n<p><strong>Ce sunt cookie-urile?<\/strong><\/p>\n<p>Fi\u0219ierele cookie sunt fi\u0219iere de informa\u021bii care sunt trimise prin intermediul unui server web (\u00een acest caz site-ul web) \u00een browserul dvs. web, salvate \u00een computer \u0219i verificate de server la fiecare vizit\u0103 pe site.<\/p>\n<p><strong>De ce le folosim?<\/strong><\/p>\n<p>Cookie-urile sunt folosite pentru facilitarea \u0219i navigarea corect\u0103 pe site. De asemenea, ele servesc scopuri statistice, permi\u021b\u00e2nd identificarea sesiunii web pe care a\u021bi utilizat-o, \u00eembun\u0103t\u0103\u021birea \u0219i actualizarea procedurilor de utilizare a site-ului web<strong>.<\/strong><\/p>\n<p><strong>Modelele cookie pe care le folosim:<\/strong><\/p>\n<p>\u00ab<strong>Cookie-urile temporare<\/strong>\u00bb &#8211; acestea sunt plasate exclusiv \u00een memoria calculatorului utilizatorului \u0219i sunt eliminate odat\u0103 ce \u00eenchide\u021bi browserul web. Utilizarea lor este restric\u021bionat\u0103 exclusiv la transmiterea identific\u0103rii temporare a datelor, const\u00e2nd din numere aleatorii pe care serverul \u00eensu\u0219i le produce \u0219i care sunt esen\u021biale pentru navigarea sigur\u0103 \u0219i eficient\u0103 pe site.<\/p>\n<p>Aplic\u0103m instrumente care utilizeaz\u0103 cookie-uri pentru scopuri de monitorizare, statistici de internet \u0219i proceduri de publicitate. Aceste instrumente includ:<\/p>\n<p>Google AdWords, pentru proceduri de publicitate, Google Analytics, scopuri de monitorizare \u0219i statistici de internet.<\/p>\n<p>Aceste instrumente utilizeaz\u0103 module cookie pentru a ne permite s\u0103 colect\u0103m informa\u021bii anonime privind paginile web pe care le vizita\u021bi \u0219i modul \u00een care utiliza\u021bi site-ul nostru web. Acest lucru ne ajut\u0103 s\u0103 \u00eembun\u0103t\u0103\u021bim experien\u021ba viitoare de navigare. De exemplu, modulele cookie colecteaz\u0103 informa\u021bii despre paginile web pe care le-a\u021bi vizitat, num\u0103rul vizitelor dvs. \u0219i programul pe care l-a\u021bi utilizat.<\/p>\n<p>&lt;&lt;<strong>Cookies parte ter\u021b\u0103 &gt;&gt;<\/strong>&#8211; C\u00e2nd vizita\u021bi site-ul nostru, pute\u021bi vedea con\u021binut de la ter\u021bi, ca o hart\u0103 care v\u0103 arat\u0103 cum s\u0103 ajunge\u021bi la birourile noastre. Acest lucru este furnizat de Google prin Google Maps. De asemenea, v\u0103 oferim \u0219ansa de a partaja informa\u021bii prin intermediul re\u021belelor sociale precum Facebook, Instagram, Twitter, YouTube, Google+. C\u00e2nd ad\u0103uga\u021bi con\u021binut, v\u0103 p\u0103stra\u021bi publicul despre informa\u021biile pe care le-am selectat cu aten\u021bie \u0219i care este probabil relativ sau interesant pentru dvs. Cu toate acestea, acestea pot include paginile web ale unor ter\u021be p\u0103r\u021bi care introduc cookie-uri suplimentare pe dispozitiv.<\/p>\n<p>\u00abNecessary (7)\u00bb<strong>&#8211; \u00a0<\/strong>Necessary cookies help the website\u2019s usability, allowing basic functions like the surfing and the access to safe areas of the website. The webpage cannot function properly without these cookies.<\/p>\n<p>Name:__utma<\/p>\n<p>Provider: everyday.gr<\/p>\n<p>Purpose: Collects data on the number of times a user has visited the website as well as dates for the first and most recent visit. Used by Google Analytics.<\/p>\n<p>Termination: Session<\/p>\n<p>Type: HTTP<\/p>\n<p>Name:__utmb<\/p>\n<p>Provider: everyday.gr<\/p>\n<p>Purpose: Registers a timestamp with the exact time of when the user accessed the website. Used by Google Analytics to calculate the duration of a website visit.<\/p>\n<p>Termination: Session<\/p>\n<p>Type: HTTP<\/p>\n<p>Name: __utmc<\/p>\n<p>Provider: everyday.gr<\/p>\n<p>Purpose: Registers a timestamp with the exact time of when the user leaves the website. Used by Google Analytics to calculate the duration of a website visit.<\/p>\n<p>Termination: Session<\/p>\n<p>Type: HTTP<\/p>\n<p>Name: __utmt<\/p>\n<p>Provider: everyday.gr<\/p>\n<p>Purpose: Used to throttle the speed of requests to the server.<\/p>\n<p>Termination: Session<\/p>\n<p>Type: HTTP<\/p>\n<p>Name: __utmz<\/p>\n<p>Provider: everyday.gr<\/p>\n<p>Purpose: Collects data on where the user came from, what search engine was used, what link was clicked and what search term was used. Used by Google Analytics.<\/p>\n<p>Termination:\u00a06 months<\/p>\n<p>Type: HTTP<\/p>\n<p>Name: CookieConsent<\/p>\n<p>Provider: everyday.gr<\/p>\n<p>Purpose: Stores the user&#8217;s cookie consent state for the current domain<\/p>\n<p>Termination:\u00a01 year<\/p>\n<p>Type: HTTP<\/p>\n<p>Name: wordfence_verifiedHuman<\/p>\n<p>Provider: everyday.gr<\/p>\n<p>Purpose: To protect the site against malicious attacks.<\/p>\n<p>Termination:\u00a0Session<\/p>\n<p>Type: HTTP<\/p>\n<p>\u00abPreference\u00a0(1)\u00bb<strong>&#8211; \u00a0<\/strong>Preference cookies enable a website to remember information that changes the way the website behaves or looks, like your preferred language or the region that you are in.<\/p>\n<p>Name: wfvt_#<\/p>\n<p>Provider: everyday.gr<\/p>\n<p>Purpose: Remembers the user&#8217;s submitted data when a comment is submitted in a blog post. The purpose is to auto-populate form fields for subsequent comments, in order to save time for the user.<\/p>\n<p>Termination: Session<\/p>\n<p>Type: HTTP<\/p>\n<p>\u00abStatistics\u00a0(1)\u00bb<strong>&#8211; \u00a0<\/strong>Statistic cookies help website owners to understand how visitors interact with websites by collecting and reporting information anonymously.<\/p>\n<p>Name: @@History\/@@scroll<\/p>\n<p>Provider: youtube.com<\/p>\n<p>Purpose: Pending<\/p>\n<p>Termination: Session<\/p>\n<p>Type: HTML<\/p>\n<p>\u00abMarketing\u00a0(4)\u00bb<strong>&#8211; \u00a0<\/strong>Marketing cookies are used to track visitors across websites. The intention is to display ads that are relevant and engaging for the individual user and thereby more valuable for publishers and third party advertisers.<\/p>\n<p>Name: GPS<\/p>\n<p>Provider: youtube.com<\/p>\n<p>Purpose: Registers a unique ID on mobile devices to enable tracking based on geographical GPS location.<\/p>\n<p>Termination: Session<\/p>\n<p>Type: HTTP<\/p>\n<p>Name: PREF<\/p>\n<p>Provider: youtube.com<\/p>\n<p>Purpose: Registers a unique ID that is used by Google to keep statistics of how the visitor uses YouTube videos across different websites.<\/p>\n<p>Termination: 8 months<\/p>\n<p>Type: HTTP<\/p>\n<p>Name: VISITOR_INFO1_LIVE<\/p>\n<p>Provider: youtube.com<\/p>\n<p>Purpose: Tries to estimate the users&#8217; bandwidth on pages with integrated YouTube videos.<\/p>\n<p>Termination: 179 days<\/p>\n<p>Type: HTTP<\/p>\n<p>Name: YSC<\/p>\n<p>Provider: youtube.com<\/p>\n<p>Purpose: Registers a unique ID to keep statistics of what videos from YouTube the user has seen.<\/p>\n<p>Termination: Session<\/p>\n<p>Type: HTTP<\/p>\n<p>Site-ul poate avea, din c\u00e2nd \u00een c\u00e2nd, link-uri c\u0103tre site-urile ter\u021bilor. Dac\u0103 urma\u021bi acest tip de link pe site-ul web al unui ter\u021b, v\u0103 sf\u0103tuim s\u0103 consulta\u021bi politicile de confiden\u021bialitate, modulele cookie \u0219i procedurile de gestionare, deoarece niciuna dintre acestea nu a fost validat\u0103 de noi. Verifica\u021bi aceste politici \u00eenainte de a furniza datele personale acestor site-uri web.<strong>\u00a0<\/strong><\/p>\n<p><strong>Facebook<\/strong><\/p>\n<p>Pentru cookie-urile utilizate de Facebook, v\u0103 rug\u0103m s\u0103 verifica\u021bi politicile de administrare de la link-ul: <u>www.facebook.com\/help\/cookies\/<\/u><\/p>\n<p><strong>Instagram<\/strong><\/p>\n<p>Pentru cookie-urile utilizate de Instagram, verifica\u021bi politicile de gestionare la link-ul de mai jos:<\/p>\n<p>https:\/\/help.instagram.com\/1896641480634370?ref=ig<\/p>\n<p><strong>YouTube<\/strong><\/p>\n<p>Pentru cookie-urile utilizate de YouTube, verifica\u021bi politicile de gestionare de la link-ul de mai jos:<\/p>\n<p><strong>http:\/\/www.google.it\/intl\/en\/policies\/privacy\/<\/strong><\/p>\n<p><strong>Twitter<\/strong><\/p>\n<p>Pentru cookie-urile utilizate de Twitter, v\u0103 rug\u0103m s\u0103 verifica\u021bi politicile de gestionare de la link-ul de mai jos:<\/p>\n<p>https:\/\/support.twitter.com\/articles\/20170514-twitters-use-of-cookies-and-similar-technologies#<\/p>\n<p><strong>Google Analytics<\/strong><\/p>\n<p>Google Analytics folose\u0219te module cookie pentru a colecta informa\u021bii despre modul \u00een care utiliza\u021bi site-ul nostru web, pentru a v\u0103 \u00eembun\u0103t\u0103\u021bi experien\u021ba de navigare viitoare. De exemplu, acesta colecteaz\u0103 informa\u021bii cu privire la paginile web pe care le-a\u021bi vizitat, num\u0103rul de sesiuni \u0219i programul pe care l-a\u021bi utilizat.<\/p>\n<p>Pentru cookie-urile utilizate de Google Analytics, verifica\u021bi politicile de gestionare la link-ul de mai jos http:\/\/www.google.it\/intl\/ro\/policies\/privacy\/<\/p>\n<p><strong>Cum s\u0103 gestionez set\u0103rile mele despre modulele cookie?<\/strong><\/p>\n<p>Majoritatea browserelor web sunt ini\u021bial setate s\u0103 accepte cookie-uri. Pute\u021bi seta browserul dvs. web, \u00een \u200b\u200borice moment, s\u0103 accepte toate, unele sau nici una dintre modulele cookie. \u00cen ultimul caz, ve\u021bi dezactiva utilizarea anumitor p\u0103r\u021bi ale site-ului web. \u00cen plus, pute\u021bi s\u0103 v\u0103 seta\u021bi preferin\u021bele \u00een browser \u00een a\u0219a fel \u00eenc\u00e2t s\u0103 fi\u021bi informat de fiecare dat\u0103 c\u00e2nd un fi\u0219ier cookie este salvat pe dispozitiv. Re\u021bine\u021bi c\u0103 \u00een cazul dezactiv\u0103rii cookie-urilor este posibil s\u0103 nu ave\u021bi cea mai bun\u0103 utilizare obi\u0219nuit\u0103 posibil\u0103 a site-ului.<\/p>\n<p><strong>Modifica\u021bi politica curent\u0103<\/strong><\/p>\n<p>Politica actual\u0103 se poate schimba din c\u00e2nd \u00een c\u00e2nd &#8211; \u00een unele cazuri datorit\u0103 noilor reglement\u0103ri care intr\u0103 \u00een vigoare, actualiz\u0103rilor sau serviciilor noi furnizate de companie. Prin urmare, v\u0103 sf\u0103tuim s\u0103 verifica\u021bi periodic site-ul web actual.<\/p>\n<p><strong>Contacteaza-ne<\/strong><\/p>\n<p>V\u0103 rug\u0103m s\u0103 ne trimite\u021bi orice \u00eentreb\u0103ri sau comentarii cu privire la politica actual\u0103 de utilizare a cookie-urilor la <strong><u><a href=\"mailto:mega@megadis.gr\">mega@megadis.gr<\/a>.<\/u><\/strong><\/p>\n<p><strong>Ultima actualizare: 23\/4\/2020<\/strong><\/p>\n","protected":false},"excerpt":{"rendered":"<p>POLITICA COOKIE-URILOR Politica actual\u0103 ofer\u0103 informa\u021bii privind modul \u00een care proces\u0103m modulele cookie, precum \u0219i informa\u021bii privind drepturile dvs. privind utilizarea cookie-urilor. Citi\u021bi cu aten\u021bie urm\u0103toarele informa\u021bii. Accesul dvs. la site presupune acceptarea politicii curente de utilizare a cookie-urilor. Dac\u0103 nu accepta\u021bi politica actual\u0103, nu mai utiliza\u021bi paginile web ale acestui site web. Ce sunt [&hellip;]<\/p>\n","protected":false},"author":6,"featured_media":0,"parent":0,"menu_order":0,"comment_status":"closed","ping_status":"closed","template":"single.php","meta":{"footnotes":""},"acf":[],"yoast_head":"<!-- This site is optimized with the Yoast SEO plugin v22.4 - https:\/\/yoast.com\/wordpress\/plugins\/seo\/ -->\n<title>Politica Cookie - Urilor - Everyday<\/title>\n<meta name=\"robots\" content=\"index, follow, max-snippet:-1, max-image-preview:large, max-video-preview:-1\" \/>\n<link rel=\"canonical\" href=\"https:\/\/everyday.gr\/cookies-policy\/\" \/>\n<meta property=\"og:locale\" content=\"ro_RO\" \/>\n<meta property=\"og:type\" content=\"article\" \/>\n<meta property=\"og:title\" content=\"Politica Cookie - Urilor - Everyday\" \/>\n<meta property=\"og:description\" content=\"POLITICA COOKIE-URILOR Politica actual\u0103 ofer\u0103 informa\u021bii privind modul \u00een care proces\u0103m modulele cookie, precum \u0219i informa\u021bii privind drepturile dvs. privind utilizarea cookie-urilor. Citi\u021bi cu aten\u021bie urm\u0103toarele informa\u021bii. Accesul dvs. la site presupune acceptarea politicii curente de utilizare a cookie-urilor. Dac\u0103 nu accepta\u021bi politica actual\u0103, nu mai utiliza\u021bi paginile web ale acestui site web. Ce sunt [&hellip;]\" \/>\n<meta property=\"og:url\" content=\"https:\/\/everyday.gr\/cookies-policy\/\" \/>\n<meta property=\"og:site_name\" content=\"Everyday\" \/>\n<meta property=\"article:modified_time\" content=\"2020-04-23T15:13:10+00:00\" \/>\n<meta name=\"twitter:card\" content=\"summary_large_image\" \/>\n<meta name=\"twitter:label1\" content=\"Est. reading time\" \/>\n\t<meta name=\"twitter:data1\" content=\"7 minutes\" \/>\n<script type=\"application\/ld+json\" class=\"yoast-schema-graph\">{\"@context\":\"https:\/\/schema.org\",\"@graph\":[{\"@type\":\"WebPage\",\"@id\":\"https:\/\/everyday.gr\/cookies-policy\/\",\"url\":\"https:\/\/everyday.gr\/cookies-policy\/\",\"name\":\"Politica Cookie - Urilor - Everyday\",\"isPartOf\":{\"@id\":\"https:\/\/everyday.gr\/ro\/#website\"},\"datePublished\":\"2018-07-20T08:06:05+00:00\",\"dateModified\":\"2020-04-23T15:13:10+00:00\",\"inLanguage\":\"ro-RO\",\"potentialAction\":[{\"@type\":\"ReadAction\",\"target\":[\"https:\/\/everyday.gr\/cookies-policy\/\"]}]},{\"@type\":\"WebSite\",\"@id\":\"https:\/\/everyday.gr\/ro\/#website\",\"url\":\"https:\/\/everyday.gr\/ro\/\",\"name\":\"Everyday\",\"description\":\"Everyday tagline\",\"potentialAction\":[{\"@type\":\"SearchAction\",\"target\":{\"@type\":\"EntryPoint\",\"urlTemplate\":\"https:\/\/everyday.gr\/ro\/?s={search_term_string}\"},\"query-input\":\"required name=search_term_string\"}],\"inLanguage\":\"ro-RO\"}]}<\/script>\n<!-- \/ Yoast SEO plugin. -->","yoast_head_json":{"title":"Politica Cookie - Urilor - Everyday","robots":{"index":"index","follow":"follow","max-snippet":"max-snippet:-1","max-image-preview":"max-image-preview:large","max-video-preview":"max-video-preview:-1"},"canonical":"https:\/\/everyday.gr\/cookies-policy\/","og_locale":"ro_RO","og_type":"article","og_title":"Politica Cookie - Urilor - Everyday","og_description":"POLITICA COOKIE-URILOR Politica actual\u0103 ofer\u0103 informa\u021bii privind modul \u00een care proces\u0103m modulele cookie, precum \u0219i informa\u021bii privind drepturile dvs. privind utilizarea cookie-urilor. Citi\u021bi cu aten\u021bie urm\u0103toarele informa\u021bii. Accesul dvs. la site presupune acceptarea politicii curente de utilizare a cookie-urilor. Dac\u0103 nu accepta\u021bi politica actual\u0103, nu mai utiliza\u021bi paginile web ale acestui site web. Ce sunt [&hellip;]","og_url":"https:\/\/everyday.gr\/cookies-policy\/","og_site_name":"Everyday","article_modified_time":"2020-04-23T15:13:10+00:00","twitter_card":"summary_large_image","twitter_misc":{"Est. reading time":"7 minutes"},"schema":{"@context":"https:\/\/schema.org","@graph":[{"@type":"WebPage","@id":"https:\/\/everyday.gr\/cookies-policy\/","url":"https:\/\/everyday.gr\/cookies-policy\/","name":"Politica Cookie - Urilor - Everyday","isPartOf":{"@id":"https:\/\/everyday.gr\/ro\/#website"},"datePublished":"2018-07-20T08:06:05+00:00","dateModified":"2020-04-23T15:13:10+00:00","inLanguage":"ro-RO","potentialAction":[{"@type":"ReadAction","target":["https:\/\/everyday.gr\/cookies-policy\/"]}]},{"@type":"WebSite","@id":"https:\/\/everyday.gr\/ro\/#website","url":"https:\/\/everyday.gr\/ro\/","name":"Everyday","description":"Everyday tagline","potentialAction":[{"@type":"SearchAction","target":{"@type":"EntryPoint","urlTemplate":"https:\/\/everyday.gr\/ro\/?s={search_term_string}"},"query-input":"required name=search_term_string"}],"inLanguage":"ro-RO"}]}},"_links":{"self":[{"href":"https:\/\/everyday.gr\/ro\/wp-json\/wp\/v2\/pages\/10004"}],"collection":[{"href":"https:\/\/everyday.gr\/ro\/wp-json\/wp\/v2\/pages"}],"about":[{"href":"https:\/\/everyday.gr\/ro\/wp-json\/wp\/v2\/types\/page"}],"author":[{"embeddable":true,"href":"https:\/\/everyday.gr\/ro\/wp-json\/wp\/v2\/users\/6"}],"replies":[{"embeddable":true,"href":"https:\/\/everyday.gr\/ro\/wp-json\/wp\/v2\/comments?post=10004"}],"version-history":[{"count":6,"href":"https:\/\/everyday.gr\/ro\/wp-json\/wp\/v2\/pages\/10004\/revisions"}],"predecessor-version":[{"id":12318,"href":"https:\/\/everyday.gr\/ro\/wp-json\/wp\/v2\/pages\/10004\/revisions\/12318"}],"wp:attachment":[{"href":"https:\/\/everyday.gr\/ro\/wp-json\/wp\/v2\/media?parent=10004"}],"curies":[{"name":"wp","href":"https:\/\/api.w.org\/{rel}","templated":true}]}}