{"id":10002,"date":"2018-07-20T08:02:38","date_gmt":"2018-07-20T08:02:38","guid":{"rendered":"https:\/\/everyday.gr\/?page_id=10002\/"},"modified":"2023-03-29T09:58:33","modified_gmt":"2023-03-29T09:58:33","slug":"politica-de-protectie-datelor-personale","status":"publish","type":"page","link":"https:\/\/everyday.gr\/ro\/politica-de-protectie-datelor-personale\/","title":{"rendered":"Politica de protec\u021bie a datelor personale"},"content":{"rendered":"<p><strong>Politica de protec\u021bie a datelor personale\u00a0<\/strong><strong>a MEGA DISPOSABLES SA (denumit\u0103 \u00een continuare &#8222;MEGA&#8221;).<\/strong><\/p>\n<p>Mega respect\u0103 confiden\u021bialitatea datelor dvs. personale \u0219i dore\u0219te s\u0103 \u0219ti\u021bi c\u0103 aceasta ia toate m\u0103surile tehnice \u0219i organizatorice necesare pentru securitatea \u0219i protec\u021bia acestora. Politica actual\u0103 privind protec\u021bia datelor cu caracter personal vizeaz\u0103 descrierea procedurii de colectare, utilizare \u0219i protec\u021bie a datelor dvs. personale care sunt procesate de MEGA \u00een scopuri de marketing.<\/p>\n<p><strong>Tipurile de date \u0219i scopuri personale pentru care sunt prelucrate de MEGA<\/strong><\/p>\n<p>MEGA v\u0103 poate cere s\u0103 trimite\u021bi datele dvs. personale \u00een scopuri de marketing, inclusiv trimiterea buletinelor informative. Odat\u0103 cu colectarea \u0219i prelucrarea datelor dvs. personale, ni se permite s\u0103 comunic\u0103m cu dvs. prin coresponden\u021b\u0103 electronic\u0103. Datele personale pe care le colect\u0103m pentru scopurile men\u021bionate mai sus includ numele, prenumele \u0219i adresa de e-mail.<\/p>\n<p>Dac\u0103 ne transmite\u021bi datele cu caracter personal ale unor ter\u021be p\u0103r\u021bi, se va considera c\u0103 ave\u021bi competen\u021ba de a o face \u0219i c\u0103 v\u0103 permite\u021bi s\u0103 le folosim \u00een conformitate cu Politica de protec\u021bie a datelor personale.<\/p>\n<p><strong>Datele personale sensibile<\/strong><\/p>\n<p>Dac\u0103 nu solicit\u0103m date sensibile \u00eentr-un mod clar \u0219i oficial, v\u0103 rug\u0103m s\u0103 nu trimite\u021bi sau s\u0103 ne transmite\u021bi date personale cu caracter personal (de exemplu, num\u0103rul de securitate social\u0103, dovezile legate de originea na\u021bional\u0103, convingerile politice, religia sau credin\u021bele filosofice, problemele de s\u0103n\u0103tate, via\u021ba sexual\u0103 sau orientarea sexual\u0103, cazierul judiciar, participarea la sindicate, date biometrice sau ADN care identific\u0103 o persoan\u0103) prin intermediul site-ului nostru sau prin orice alt mod.<\/p>\n<p><strong>Teritoriul legislativ pentru utilizarea datelor cu caracter personal<\/strong><\/p>\n<p>Colect\u0103m, folosim \u0219i public\u0103m datele personale numai dac\u0103 v-a\u021bi dat acordul.<\/p>\n<p>Mai mult dec\u00e2t at\u00e2t, declar\u0103m c\u0103, \u00een cadrul scopului men\u021bionat mai sus, ne folosim datele personale pe care ni le-a\u021bi dat cu voin\u021ba voastr\u0103.<\/p>\n<p><strong>Juvenil<\/strong><\/p>\n<p>Acest serviciu nu corespunde persoanelor care nu au \u00eemplinit v\u00e2rsta de 18 ani \u0219i, prin urmare, MEGA nu va men\u021bine \u0219i nici nu va prelucra datele personale ale minorilor.<\/p>\n<p><strong>Transmiterea datelor personale<\/strong><\/p>\n<p>MEGA nu v\u0103 transmite datele dvs. personale ter\u021bilor, totu\u0219i colaboratorii externi ai MEGA vor avea acces la acestea. \u00cen calitate de colaboratori externi sunt considera\u021bi furnizori de servicii de publicitate \u0219i marketing, care ac\u021bioneaz\u0103 \u00een numele MEGA \u00een cadrul scopului men\u021bionat mai sus \u0219i ofer\u0103 servicii precum: g\u0103zduirea \u0219i coordonarea site-urilor web, g\u0103zduirea aplica\u021biilor pentru dispozitive mobile, analiza datelor, pl\u0103\u021bi procesarea, efectuarea comenzilor dvs., servicii IT, servicii pentru clien\u021bi, coresponden\u021b\u0103 prin e-mail \u0219i coresponden\u021b\u0103, audituri \u0219i alte servicii, pentru a putea oferi serviciile lor. Aceste p\u0103r\u021bi ter\u021be v\u0103 prelucreaz\u0103 datele dvs. personale, ca executorii acestui proces \u00een cadrul ofertei serviciilor men\u021bionate mai sus, precum \u0219i a acordului special de confiden\u021bialitate \u0219i protec\u021bie a datelor pe care MEGA la semnat cu ace\u0219tia, conform c\u0103ruia sunt obliga\u021bi s\u0103 respecte toate legile relative privind protec\u021bia datelor cu caracter personal.<\/p>\n<p>Mai mult dec\u00e2t at\u00e2t, vom transmite datele dumneavoastr\u0103 personale c\u0103tre ter\u021be p\u0103r\u021bi la care suntem obliga\u021bi prin prevederea legal\u0103 de a face acest lucru<\/p>\n<p>Mai mult dec\u00e2t at\u00e2t, este posibil s\u0103 se utilizeze \u0219i s\u0103 se partajeze datele \u00een alte moduri, dar \u00a0numai dup\u0103 ob\u021binerea consim\u021b\u0103m\u00e2ntului dvs..<\/p>\n<p><strong>Drepturile tale<\/strong><\/p>\n<p>\u00cen ceea ce prive\u0219c datele dvs. personale, ave\u021bi urm\u0103toarele drepturi:<\/p>\n<p>\u2022 Accesul \u0219i revizuirea datelor dvs. personale sau restric\u021bionarea proces\u0103rii sau a obiec\u021biei lor fa\u021b\u0103 de prelucrare, precum \u0219i dreptul la portabilitatea datelor<\/p>\n<p>\u2022 Depunerea pl\u00e2ngerilor c\u0103tre autoritatea de supraveghere responsabil\u0103;<\/p>\n<p>\u2022 Depunerea consim\u021b\u0103m\u00e2ntului dvs. pentru prelucrarea datelor dvs. \u00een scopul politicii actuale.<\/p>\n<p><strong>Cum \u00ee\u021bi po\u021bi exercita dreptul?<\/strong><\/p>\n<p>\u00cen cazul \u00een care dori\u021bi s\u0103 v\u0103 exercita\u021bi dreptul de protec\u021bie a datelor cu caracter personal, pute\u021bi adresa \u00eentrebarea sau solicitarea dvs. fie la adresa po\u0219tal\u0103 a Companiei (MEGA DISPOSABLES SA, DEKELIAS 148, ACHARNES, 13678), fie la adresa electronic\u0103 (<a href=\"mailto:privacy@megadis.gr\"><u>privacy@megadis.gr<\/u><\/a>) cu titlul &#8222;Exercitarea dreptului de acces \/ editare \/ \u0219tergere \/ restric\u021bie \/ obiec\u021bie&#8221;.<\/p>\n<p><strong>Cum r\u0103spundem la cererea dvs.?<\/strong><\/p>\n<p>R\u0103spundem la solicitarea dvs. f\u0103r\u0103 nicio tax\u0103 sau \u00eent\u00e2rziere \u0219i, \u00een orice caz, \u00een termen de o (1) lun\u0103 de la data la care am primit solicitarea dvs. Dac\u0103, totu\u0219i, solicitarea dvs. este complex\u0103 sau exist\u0103 un num\u0103r mare de solicit\u0103ri, v\u0103 vom informa \u00een decurs de o lun\u0103 dac\u0103 este necesar\u0103 o prelungire de \u00eenc\u0103 dou\u0103 (2) luni \u00een care ve\u021bi primi un r\u0103spuns.<\/p>\n<p>Dac\u0103 cererile dvs. sunt \u00een mod v\u0103dit nefondate sau excesive, \u00een special datorit\u0103 caracterului lor repetitiv, Compania poate proceda la prezentarea unei taxe rezonabile, lu\u00e2nd \u00een considerare cheltuielile administrative pentru furnizarea de informa\u021bii sau punerea \u00een aplicare a ac\u021biunii solicitate sau refuz\u0103 s\u0103 continue cererea.<\/p>\n<p><strong>Durata p\u0103str\u0103rii datelor cu caracter personal<\/strong><\/p>\n<p>Datele dvs. personale vor fi p\u0103strate at\u00e2t timp c\u00e2t sunt permise sau impuse \u00een conformitate cu legisla\u021bia \u00een vigoare. \u00cen cazul \u00een care v\u0103 proces\u0103m datele dvs. personale conform acordului dvs., vom continua s\u0103 le proces\u0103m p\u00e2n\u0103 c\u00e2nd le retrage\u021bi.<\/p>\n<p><strong>Politica cookie-urilor<\/strong><\/p>\n<p>MEGA \u0219i furnizorii de servicii cu care colaboreaz\u0103 pot colecta automat anumite date, pe m\u0103sur\u0103 ce naviga\u021bi pe site. Pentru detalii privind cookie-urile \u0219i alte tehnologii utile care sunt utilizate \u00een cadrul serviciilor de site-uri web, citi\u021bi <a href=\"https:\/\/everyday.gr\/ro\/politica-cookie-urilor\/\">Politica de cookie-uri<\/a>. <a href=\"https:\/\/everyday.gr\/ro\/politica-cookie-urilor\/\">Politica de cookie-uri<\/a> con\u021bine informa\u021bii despre modul \u00een care pute\u021bi dezactiva aceste tehnologii. Dac\u0103 nu le dezactiva\u021bi \u0219i nu continua\u021bi s\u0103 utiliza\u021bi serviciul nostru, vom ajunge la concluzia c\u0103 sunte\u021bi de acord cu utilizarea lor.<\/p>\n<p><strong>Securitate<\/strong><\/p>\n<p>Am depus toate eforturile posibile, prin implementarea m\u0103surilor tehnice \u0219i organizatorice adecvate pentru protejarea datelor dvs. personale de orice pierdere, modificare, scurgere, distrugere sau acces neautorizat la acestea de c\u0103tre ter\u021be p\u0103r\u021bi.<\/p>\n<p><strong>Modific\u0103ri ale politicii de protec\u021bie a datelor cu caracter personal<\/strong><\/p>\n<p>MEGA poate revizui \u00een orice moment politica actual\u0103 de protec\u021bie a datelor personale, astfel \u00eenc\u00e2t ve\u021bi fi informat \u00een mod corespunz\u0103tor pe site-ul nostru.<\/p>\n<p><strong>Site-urile web \u0219i serviciile ter\u021bilor<\/strong><\/p>\n<p>Politica actual\u0103 privind protec\u021bia datelor cu caracter personal nu se refer\u0103 la site-urile web \u0219i serviciile ter\u021bilor \u0219i nu implic\u0103 aprobarea sau ne oblig\u0103 la r\u0103spunderea pentru confiden\u021bialitate, datele sau alte practici ale ter\u021bilor, inclusiv ter\u021bele p\u0103r\u021bi care gestioneaz\u0103 site web sau serviciu electronic, conectat la site-ul nostru.<\/p>\n<p><strong>Comunicare<\/strong><\/p>\n<p>\u00cen cazul \u00een care ave\u021bi orice \u00eentrebare cu privire la politica actual\u0103 sau dori\u021bi s\u0103 v\u0103 exercita\u021bi dreptul de a v\u0103 proteja datele personale, pute\u021bi adresa \u00eentrebarea sau solicitarea fie adresei po\u0219tale a Companiei (MEGA DISPOSABLES SA, DEKELIAS 148, ACHARNES, 13678 ) sau la adresa electronic\u0103 (<a href=\"mailto:privacy@megadis.gr\"><u>privacy@megadis.gr<\/u><\/a>).<\/p>\n<p><strong>Ultima actualizare: 25\/5\/2018\u00a0<\/strong><\/p>\n","protected":false},"excerpt":{"rendered":"<p>Politica de protec\u021bie a datelor personale\u00a0a MEGA DISPOSABLES SA (denumit\u0103 \u00een continuare &#8222;MEGA&#8221;). Mega respect\u0103 confiden\u021bialitatea datelor dvs. personale \u0219i dore\u0219te s\u0103 \u0219ti\u021bi c\u0103 aceasta ia toate m\u0103surile tehnice \u0219i organizatorice necesare pentru securitatea \u0219i protec\u021bia acestora. Politica actual\u0103 privind protec\u021bia datelor cu caracter personal vizeaz\u0103 descrierea procedurii de colectare, utilizare \u0219i protec\u021bie a datelor [&hellip;]<\/p>\n","protected":false},"author":6,"featured_media":0,"parent":0,"menu_order":0,"comment_status":"closed","ping_status":"closed","template":"single.php","meta":{"footnotes":""},"acf":[],"yoast_head":"<!-- This site is optimized with the Yoast SEO plugin v22.4 - https:\/\/yoast.com\/wordpress\/plugins\/seo\/ -->\n<title>Politica de protec\u021bie a datelor personale - Everyday<\/title>\n<meta name=\"robots\" content=\"index, follow, max-snippet:-1, max-image-preview:large, max-video-preview:-1\" \/>\n<link rel=\"canonical\" href=\"https:\/\/everyday.gr\/ro\/politica-de-protectie-datelor-personale\/\" \/>\n<meta property=\"og:locale\" content=\"ro_RO\" \/>\n<meta property=\"og:type\" content=\"article\" \/>\n<meta property=\"og:title\" content=\"Politica de protec\u021bie a datelor personale - Everyday\" \/>\n<meta property=\"og:description\" content=\"Politica de protec\u021bie a datelor personale\u00a0a MEGA DISPOSABLES SA (denumit\u0103 \u00een continuare &#8222;MEGA&#8221;). Mega respect\u0103 confiden\u021bialitatea datelor dvs. personale \u0219i dore\u0219te s\u0103 \u0219ti\u021bi c\u0103 aceasta ia toate m\u0103surile tehnice \u0219i organizatorice necesare pentru securitatea \u0219i protec\u021bia acestora. Politica actual\u0103 privind protec\u021bia datelor cu caracter personal vizeaz\u0103 descrierea procedurii de colectare, utilizare \u0219i protec\u021bie a datelor [&hellip;]\" \/>\n<meta property=\"og:url\" content=\"https:\/\/everyday.gr\/ro\/politica-de-protectie-datelor-personale\/\" \/>\n<meta property=\"og:site_name\" content=\"Everyday\" \/>\n<meta property=\"article:modified_time\" content=\"2023-03-29T09:58:33+00:00\" \/>\n<meta name=\"twitter:card\" content=\"summary_large_image\" \/>\n<meta name=\"twitter:label1\" content=\"Est. reading time\" \/>\n\t<meta name=\"twitter:data1\" content=\"5 minutes\" \/>\n<script type=\"application\/ld+json\" class=\"yoast-schema-graph\">{\"@context\":\"https:\/\/schema.org\",\"@graph\":[{\"@type\":\"WebPage\",\"@id\":\"https:\/\/everyday.gr\/ro\/politica-de-protectie-datelor-personale\/\",\"url\":\"https:\/\/everyday.gr\/ro\/politica-de-protectie-datelor-personale\/\",\"name\":\"Politica de protec\u021bie a datelor personale - Everyday\",\"isPartOf\":{\"@id\":\"https:\/\/everyday.gr\/ro\/#website\"},\"datePublished\":\"2018-07-20T08:02:38+00:00\",\"dateModified\":\"2023-03-29T09:58:33+00:00\",\"inLanguage\":\"ro-RO\",\"potentialAction\":[{\"@type\":\"ReadAction\",\"target\":[\"https:\/\/everyday.gr\/ro\/politica-de-protectie-datelor-personale\/\"]}]},{\"@type\":\"WebSite\",\"@id\":\"https:\/\/everyday.gr\/ro\/#website\",\"url\":\"https:\/\/everyday.gr\/ro\/\",\"name\":\"Everyday\",\"description\":\"Everyday tagline\",\"potentialAction\":[{\"@type\":\"SearchAction\",\"target\":{\"@type\":\"EntryPoint\",\"urlTemplate\":\"https:\/\/everyday.gr\/ro\/?s={search_term_string}\"},\"query-input\":\"required name=search_term_string\"}],\"inLanguage\":\"ro-RO\"}]}<\/script>\n<!-- \/ Yoast SEO plugin. -->","yoast_head_json":{"title":"Politica de protec\u021bie a datelor personale - Everyday","robots":{"index":"index","follow":"follow","max-snippet":"max-snippet:-1","max-image-preview":"max-image-preview:large","max-video-preview":"max-video-preview:-1"},"canonical":"https:\/\/everyday.gr\/ro\/politica-de-protectie-datelor-personale\/","og_locale":"ro_RO","og_type":"article","og_title":"Politica de protec\u021bie a datelor personale - Everyday","og_description":"Politica de protec\u021bie a datelor personale\u00a0a MEGA DISPOSABLES SA (denumit\u0103 \u00een continuare &#8222;MEGA&#8221;). Mega respect\u0103 confiden\u021bialitatea datelor dvs. personale \u0219i dore\u0219te s\u0103 \u0219ti\u021bi c\u0103 aceasta ia toate m\u0103surile tehnice \u0219i organizatorice necesare pentru securitatea \u0219i protec\u021bia acestora. Politica actual\u0103 privind protec\u021bia datelor cu caracter personal vizeaz\u0103 descrierea procedurii de colectare, utilizare \u0219i protec\u021bie a datelor [&hellip;]","og_url":"https:\/\/everyday.gr\/ro\/politica-de-protectie-datelor-personale\/","og_site_name":"Everyday","article_modified_time":"2023-03-29T09:58:33+00:00","twitter_card":"summary_large_image","twitter_misc":{"Est. reading time":"5 minutes"},"schema":{"@context":"https:\/\/schema.org","@graph":[{"@type":"WebPage","@id":"https:\/\/everyday.gr\/ro\/politica-de-protectie-datelor-personale\/","url":"https:\/\/everyday.gr\/ro\/politica-de-protectie-datelor-personale\/","name":"Politica de protec\u021bie a datelor personale - Everyday","isPartOf":{"@id":"https:\/\/everyday.gr\/ro\/#website"},"datePublished":"2018-07-20T08:02:38+00:00","dateModified":"2023-03-29T09:58:33+00:00","inLanguage":"ro-RO","potentialAction":[{"@type":"ReadAction","target":["https:\/\/everyday.gr\/ro\/politica-de-protectie-datelor-personale\/"]}]},{"@type":"WebSite","@id":"https:\/\/everyday.gr\/ro\/#website","url":"https:\/\/everyday.gr\/ro\/","name":"Everyday","description":"Everyday tagline","potentialAction":[{"@type":"SearchAction","target":{"@type":"EntryPoint","urlTemplate":"https:\/\/everyday.gr\/ro\/?s={search_term_string}"},"query-input":"required name=search_term_string"}],"inLanguage":"ro-RO"}]}},"_links":{"self":[{"href":"https:\/\/everyday.gr\/ro\/wp-json\/wp\/v2\/pages\/10002"}],"collection":[{"href":"https:\/\/everyday.gr\/ro\/wp-json\/wp\/v2\/pages"}],"about":[{"href":"https:\/\/everyday.gr\/ro\/wp-json\/wp\/v2\/types\/page"}],"author":[{"embeddable":true,"href":"https:\/\/everyday.gr\/ro\/wp-json\/wp\/v2\/users\/6"}],"replies":[{"embeddable":true,"href":"https:\/\/everyday.gr\/ro\/wp-json\/wp\/v2\/comments?post=10002"}],"version-history":[{"count":10,"href":"https:\/\/everyday.gr\/ro\/wp-json\/wp\/v2\/pages\/10002\/revisions"}],"predecessor-version":[{"id":26333,"href":"https:\/\/everyday.gr\/ro\/wp-json\/wp\/v2\/pages\/10002\/revisions\/26333"}],"wp:attachment":[{"href":"https:\/\/everyday.gr\/ro\/wp-json\/wp\/v2\/media?parent=10002"}],"curies":[{"name":"wp","href":"https:\/\/api.w.org\/{rel}","templated":true}]}}